{"id":1451,"date":"2019-04-03T06:07:56","date_gmt":"2019-04-03T04:07:56","guid":{"rendered":"https:\/\/overw8.de\/team\/"},"modified":"2022-12-23T13:08:36","modified_gmt":"2022-12-23T12:08:36","slug":"das-team","status":"publish","type":"page","link":"https:\/\/overw8.de\/de\/das-team\/","title":{"rendered":"Das Team"},"content":{"rendered":"<div class=\"wpb-content-wrapper\">[vc_row thb_divider_position=&#8220;bottom&#8220; css=&#8220;.vc_custom_1475009701825{padding-top: 10vh !important;padding-bottom: 1vh !important;}&#8220; el_class=&#8220;align-center&#8220;][vc_column offset=&#8220;vc_col-lg-7 vc_col-md-9 vc_col-xs-10&#8243; css=&#8220;.vc_custom_1553688239369{padding-top: 100px !important;}&#8220; el_class=&#8220;text-center&#8220;][vc_column_text animation=&#8220;animation fade-in&#8220;]\n<h6><span style=\"color: #bf0000;\">Lernen Sie das Team kennen<\/span><\/h6>\n[\/vc_column_text][vc_column_text animation=&#8220;animation fade-in&#8220;]Unser Kernteam k\u00fcmmert sich hautnah um die Umsetzung Ihrer Ideen, findet und steuert handverlesene Freelancer aus aller Welt und verschafft so Ihren Pl\u00e4nen ordentlich Hebel.[\/vc_column_text][vc_empty_space height=&#8220;3px&#8220; el_id=&#8220;Kristin&#8220;][\/vc_column][\/vc_row][vc_row thb_divider_position=&#8220;bottom&#8220; css=&#8220;.vc_custom_1554208022810{padding-top: 30px !important;padding-bottom: 10vh !important;background-position: center !important;background-repeat: no-repeat !important;background-size: contain !important;}&#8220; el_class=&#8220;align-center&#8220;][vc_column offset=&#8220;vc_col-lg-10 vc_col-md-10&#8243;][vc_row_inner][vc_column_inner width=&#8220;1\/3&#8243;][vc_single_image image=&#8220;8938&#8243; img_size=&#8220;large&#8220;][vc_column_text]<a href=\"https:\/\/www.linkedin.com\/in\/kristin-reinbach\/?locale=en_US\"><img decoding=\"async\" class=\"alignnone wp-image-1095\" src=\"https:\/\/overw8.de\/wp-content\/uploads\/2019\/03\/in-icon.png\" alt=\"\" width=\"22\" height=\"22\" srcset=\"https:\/\/overw8.de\/wp-content\/uploads\/2019\/03\/in-icon.png 48w, https:\/\/overw8.de\/wp-content\/uploads\/2019\/03\/in-icon-20x20.png 20w\" sizes=\"(max-width: 22px) 100vw, 22px\" \/><\/a>[\/vc_column_text][\/vc_column_inner][vc_column_inner width=&#8220;2\/3&#8243;][vc_column_text]\n<h2>Kristin Reinbach<\/h2>\n<h5><em>CEO &#8211; Leitung Markenentwicklung, Strategie &amp; Business Building<\/em><\/h5>\n[\/vc_column_text][vc_column_text]<span style=\"font-size: 14px;\">Kristin lebt die drei o8 Kernwerte selbst: Ein <strong>mutiges<\/strong> Mindset als Basis, <strong>clevere<\/strong> Ideen f\u00fcr jede Lebenslage, <strong>kreativ <\/strong>in allem, das sie anpackt. Ger\u00fcstet mit zwei Universit\u00e4tsabschl\u00fcssen mit Pr\u00e4dikat (einer davon mit Marketing als Hauptfach), war f\u00fcr sie klar, das Marketing \/ Vertrieb ein anspruchsvolles Handwerk ist, das lebenslanges Training und Weiterlernen erfordert. Bevor sie zur Unternehmerin wurde, legte sie also eine solide Basis in Consulting und Marketing Projekten f\u00fcr gro\u00dfe bekannte Marken unterschiedlichster Branchen (FMCG, Automotive, Pharma, Energie). <\/span><\/p>\n<p><span style=\"font-size: 14px;\">Einige Jahre hat sie ihre Aufbau-Erfahrung als Vorstandsmitglied der IAF auf Europaebene eingebracht. Gleichzeitig ist sie die Entwicklerin und Autorin des praxiserprobten Framework \u201cMagic Innovation Leadership\u201d sowie diverser anderer Publikationen. Sich selbst und ihr Team immer wieder neu zu fordern, eine noch bessere L\u00f6sung zu finden, ist f\u00fcr sie etwas v\u00f6llig Normales &#8211; sie hat gro\u00dfen Spa\u00df daran, dabei noch kreativere und wirtschaftlichere L\u00f6sungen heraus zu kitzeln.<\/span><\/p>\n<p><span style=\"font-size: 14px;\">Seit einigen Jahren leben Kristin und ihr Ehemann in Starnberg, nah an den sch\u00f6nen Voralpen-Seen und lockenden Bergen. Mit jeglicher Art von &#8222;Drau\u00dfen&#8220;-Sport und Natur l\u00e4dt sie hier ihre Batterien f\u00fcr neue Abenteuer wieder auf.<\/span>[\/vc_column_text][vc_column_text]\n<ul>\n<li><span style=\"font-size: 11px; line-height: 1em;\"><strong><b>Fragen Sie sie zu<\/b>:<\/strong> <i><span style=\"font-weight: 400;\">Gro\u00dfartigen Marken- und Unternehmenaufbaubeispeilen, am\u00fcsante Marketing und Digital Versagereien, gutem Wein, Reise- und Lesetipps.<\/span><\/i><\/span><\/li>\n<li><span style=\"font-size: 11px;\"><strong><b>Emfohlene Hashtags<\/b>:<\/strong> Twitter #blockchain, Instagram #illustration, Linkedin #futurethinking<\/span><\/li>\n<li><span style=\"font-size: 11px;\"><strong><b>Aktuelle(s) Lieblings-GIF(s)<\/b>:<\/strong> <a href=\"http:\/\/gph.is\/2znE5IE\" target=\"_blank\" rel=\"noopener noreferrer\">https:\/\/media.giphy.com\/media\/DPiuat0EsqP3a\/giphy.gif<\/a> <a href=\"http:\/\/gph.is\/1tosGoZ\" target=\"_blank\" rel=\"noopener noreferrer\">https:\/\/media.giphy.com\/media\/26BRwSiLlTDyhqo1y\/giphy.gif<\/a> \ud83d\ude09 <a href=\"http:\/\/gph.is\/16aSeJV\" target=\"_blank\" rel=\"noopener noreferrer\">https:\/\/media.giphy.com\/media\/14iAZiBXrzhAEU\/giphy.gif<\/a><\/span><\/li>\n<li><span style=\"font-size: 11px;\"><strong><b>Lieblings-Spotify Liste<\/b>:<\/strong> <a href=\"https:\/\/open.spotify.com\/user\/spotify\/playlist\/37i9dQZF1DX56qfiUZBncF?si=c1C-Xp9hQkqzVekkVtJP4A\" target=\"_blank\" rel=\"noopener noreferrer\">https:\/\/open.spotify.com\/user\/spotify\/playlist\/37i9dQZF1DX56qfiUZBncF?si=c1C-Xp9hQkqzVekkVtJP4A<\/a><\/span><\/li>\n<\/ul>\n[\/vc_column_text][vc_separator][vc_empty_space height=&#8220;3px&#8220; el_id=&#8220;Gabriela&#8220;][\/vc_column_inner][\/vc_row_inner][\/vc_column][\/vc_row][vc_row thb_divider_position=&#8220;bottom&#8220; css=&#8220;.vc_custom_1554207991811{padding-bottom: 10vh !important;background-position: center !important;background-repeat: no-repeat !important;background-size: contain !important;}&#8220; el_class=&#8220;align-center&#8220;][vc_column offset=&#8220;vc_col-lg-10 vc_col-md-10&#8243;][vc_row_inner][vc_column_inner width=&#8220;1\/3&#8243;][vc_single_image image=&#8220;19881&#8243; img_size=&#8220;large&#8220;][vc_column_text]<a href=\"https:\/\/www.linkedin.com\/in\/sofia-luce-gallo-3b187b80\/\"><img decoding=\"async\" class=\"alignnone wp-image-1095\" src=\"https:\/\/overw8.de\/wp-content\/uploads\/2019\/03\/in-icon.png\" alt=\"\" width=\"22\" height=\"22\" srcset=\"https:\/\/overw8.de\/wp-content\/uploads\/2019\/03\/in-icon.png 48w, https:\/\/overw8.de\/wp-content\/uploads\/2019\/03\/in-icon-20x20.png 20w\" sizes=\"(max-width: 22px) 100vw, 22px\" \/><\/a>[\/vc_column_text][\/vc_column_inner][vc_column_inner width=&#8220;2\/3&#8243;][vc_column_text]\n<h2>Sofia Luce Gallo<\/h2>\n<h5><em>Marken-Design &amp; Visual Customer Experience<\/em><\/h5>\n[\/vc_column_text][vc_column_text]Sofia ist eine Grafikdesignerin mit italienischem Hintergrund und einer globalen Denkweise &#8211; dies f\u00fchrte sie dazu, durch Europa und \u00dcbersee zu reisen und sp\u00e4ter eine Stelle in einer internationalen Agentur zu suchen. Sie war schon immer sehr kreativ und begeistert von allem, was mit Kunst zu tun hat. Als sie erkannte, dass man mit Design seinen Lebensunterhalt durch Kreativit\u00e4t bestreiten kann, wusste sie sofort, welchen Weg sie einschlagen w\u00fcrde.<\/p>\n<p>Mit ihrer schrulligen und neugierigen Einstellung hat Sofia einen BA in Grafikdesign und visueller Kommunikation von ISIA, einer italienischen Designschule, die als eine der besten in Europa gilt. Nachdem sie die Druck- und Redaktionstechniken beherrscht hatte, beschloss sie, die digitale Seite zu vertiefen, indem sie einen Masterstudiengang in UI-Design absolvierte. Nach mehreren Jahren der Zusammenarbeit mit Kommunikationsagenturen und kleinen bis mittelst\u00e4ndischen Unternehmen trat Sofia dem overw8-Team bei und k\u00fcmmert sich nun um alle visuellen Dinge, vom Markendesign \u00fcber die Erstellung von Webseiten und Social-Media-Assets bis hin zu gedrucktem Material.[\/vc_column_text][vc_column_text]\n<ul>\n<li><span style=\"font-size: 11px; line-height: 1em;\"><strong><b>Fragen Sie sie zu<\/b>:<\/strong> Italienisches Essen, Roadtrips, Kaffee, Fernsehserien und Grafikdesignb\u00fccher<\/span><\/li>\n<li><span style=\"font-size: 11px;\"><strong><b>Emfohlene Hashtags<\/b>:<\/strong> #eyeondesign, #itsnicethat, #aesthetics, #thedesignblacklist<\/span><\/li>\n<li><span style=\"font-size: 11px;\"><strong><b>Aktuelle(s) Lieblings-GIF(s)<\/b>:<\/strong> <strong>\u00a0<\/strong><a href=\"https:\/\/giphy.com\/gifs\/digital-VekcnHOwOI5So\" target=\"_blank\" rel=\"noopener noreferrer\">https:\/\/giphy.com\/gifs\/digital-VekcnHOwOI5So<\/a>\u00a0<\/span><span style=\"font-size: 11px;\"> <a href=\"https:\/\/giphy.com\/gifs\/126bpm-dancingatclub-4N1DGuIDCssSk0iaQj\" target=\"_blank\" rel=\"noopener noreferrer\">https:\/\/giphy.com\/gifs\/126bpm-dancingatclub-4N1DGuIDCssSk0iaQj<\/a><\/span><\/li>\n<li><span style=\"font-size: 11px;\"><strong><b>Lieblings-Spotify Liste<\/b>:<\/strong> <a href=\"https:\/\/open.spotify.com\/playlist\/37i9dQZF1DWUoqEG4WY6ce\" target=\"_blank\" rel=\"noopener noreferrer\">https:\/\/open.spotify.com\/user\/spotify\/playlist\/37i9dQZF1DX9loJQLuEvap?si=JuQUGmSlSsiuW4N7fMgCiA<\/a><\/span><\/li>\n<\/ul>\n[\/vc_column_text][vc_separator][vc_empty_space height=&#8220;3px&#8220; el_id=&#8220;Mahmud&#8220;][\/vc_column_inner][\/vc_row_inner][\/vc_column][\/vc_row][vc_row thb_divider_position=&#8220;bottom&#8220; css=&#8220;.vc_custom_1553676130125{padding-bottom: 10vh !important;background-position: center !important;background-repeat: no-repeat !important;background-size: contain !important;}&#8220; el_class=&#8220;align-center&#8220;][vc_column offset=&#8220;vc_col-lg-10 vc_col-md-10&#8243;][vc_row_inner][vc_column_inner width=&#8220;1\/3&#8243;][vc_single_image image=&#8220;8942&#8243; img_size=&#8220;large&#8220;][vc_column_text]<a href=\"https:\/\/www.linkedin.com\/in\/mahmud-elgohary\"><img decoding=\"async\" class=\"alignnone wp-image-1095\" src=\"https:\/\/overw8.de\/wp-content\/uploads\/2019\/03\/in-icon.png\" alt=\"\" width=\"22\" height=\"22\" srcset=\"https:\/\/overw8.de\/wp-content\/uploads\/2019\/03\/in-icon.png 48w, https:\/\/overw8.de\/wp-content\/uploads\/2019\/03\/in-icon-20x20.png 20w\" sizes=\"(max-width: 22px) 100vw, 22px\" \/><\/a>[\/vc_column_text][\/vc_column_inner][vc_column_inner width=&#8220;2\/3&#8243;][vc_column_text]\n<h2>Mahmud Elgohary<\/h2>\n<h5><em>Development &amp; Tech Problem Solving<\/em><\/h5>\n[\/vc_column_text][vc_column_text]<span style=\"font-weight: 400;\">Vor einigen Jahren war Mahmud Elgohary ein normaler kluger \u00e4gyptischer Junge aus einem kleinen Dorf, der angefangen hatte IT \/ Computer Science an der Zagazig Universit\u00e4t zu studieren. Das \u00e4nderte sich 2011 schlagartig, als er sich entschied, aktiv an den Protesten in Kairo teilzunehmen. Zur\u00fcckkehrend wurde klar, dass sich seine M\u00f6glichkeit zu studieren in Luft aufgel\u00f6st hatte &#8211; alle mitorganisierenden Studenten waren ausgeschlossen worden.<\/span><\/p>\n<p><span style=\"font-weight: 400;\">Mahmud erkannte dies als einen dieser lebensver\u00e4ndernden Wendepunkte. Er ging zun\u00e4chst in die T\u00fcrkei, dann weiter nach Bosnien, wo er auch heute lebt und arbeitet. Vom Studium verlegte er sich auf die Praxis: Er programmierte f\u00fcr Startups und wandte die gleichen Skills auch bei eigenen unternehmerischen Herausforderungen wie dem Automatisierungssystem &#8222;travelUS&#8220; an. Mahmud sieht Probleml\u00f6sen als Sportart. Daher k\u00fcmmert er sich im Kernteam um alles, das mit Code, Tech und strukturierter Probleml\u00f6sung zu tun hat.<\/span>[\/vc_column_text][vc_column_text]\n<ul>\n<li><span style=\"font-size: 11px; line-height: 1em;\"><strong>Fragen Sie ihn zu:<\/strong> Sprachen, G\u00e4rtnern, Politik, orientalische Kochrezepte<span style=\"font-size: 11px;\"><span style=\"font-weight: 400;\">.<\/span><\/span><\/span><\/li>\n<li><span style=\"font-size: 11px;\"><strong>Emfohlene Hashtags:<\/strong> <i><span style=\"font-weight: 400;\">Twitter #language #future, Instagram #analytics, Linkedin #blockchain<\/span><\/i><\/span><\/li>\n<li><span style=\"font-size: 11px;\"><strong>Aktuelle(s) Lieblings-GIF(s):<\/strong> <a href=\"https:\/\/gph.is\/2ghI16z\" target=\"_blank\" rel=\"noopener noreferrer\">https:\/\/gph.is\/2ghI16z<\/a> <a href=\"https:\/\/gph.is\/1T3YW84\" target=\"_blank\" rel=\"noopener noreferrer\">https:\/\/gph.is\/1T3YW84<\/a><\/span><\/li>\n<li><span style=\"font-size: 11px;\"><strong>Lieblings-Spotify Liste:<\/strong> <a href=\"https:\/\/open.spotify.com\/playlist\/2GzbuWqME5yjzssjAkOgE7\" target=\"_blank\" rel=\"noopener noreferrer\">https:\/\/open.spotify.com\/playlist\/2GzbuWqME5yjzssjAkOgE7<\/a><\/span><\/li>\n<\/ul>\n[\/vc_column_text][vc_empty_space height=&#8220;3px&#8220; el_id=&#8220;Anja&#8220;][\/vc_column_inner][\/vc_row_inner][\/vc_column][\/vc_row]\n<\/div>","protected":false},"excerpt":{"rendered":"<p>[vc_row thb_divider_position=&#8220;bottom&#8220; css=&#8220;.vc_custom_1475009701825{padding-top: 10vh !important;padding-bottom: 1vh !important;}&#8220; el_class=&#8220;align-center&#8220;][vc_column offset=&#8220;vc_col-lg-7 vc_col-md-9 vc_col-xs-10&#8243; css=&#8220;.vc_custom_1553688239369{padding-top: 100px !important;}&#8220; el_class=&#8220;text-center&#8220;][vc_column_text animation=&#8220;animation fade-in&#8220;] Lernen Sie das Team kennen [\/vc_column_text][vc_column_text animation=&#8220;animation fade-in&#8220;]Unser Kernteam k\u00fcmmert sich hautnah um die Umsetzung Ihrer Ideen, findet und steuert handverlesene Freelancer aus aller Welt und verschafft so Ihren Pl\u00e4nen ordentlich Hebel.[\/vc_column_text][vc_empty_space height=&#8220;3px&#8220; el_id=&#8220;Kristin&#8220;][\/vc_column][\/vc_row][vc_row thb_divider_position=&#8220;bottom&#8220; css=&#8220;.vc_custom_1554208022810{padding-top: 30px !important;padding-bottom:&hellip;<\/p>\n","protected":false},"author":1,"featured_media":-1451,"parent":0,"menu_order":0,"comment_status":"closed","ping_status":"closed","template":"","meta":{"_acf_changed":false,"_has_post_settings":[],"footnotes":""},"hashtags":[],"class_list":["post-1451","page","type-page","status-publish","has-post-thumbnail","hentry"],"acf":[],"nelio_content":{"autoShareEndMode":"never","automationSources":{"useCustomSentences":false,"customSentences":[]},"efiAlt":"","efiUrl":"","followers":[1],"highlights":[],"isAutoShareEnabled":true,"networkImageIds":[],"permalinkQueryArgs":[],"series":[],"suggestedReferences":[]},"yoast_head":"<!-- This site is optimized with the Yoast SEO plugin v27.1.1 - https:\/\/yoast.com\/product\/yoast-seo-wordpress\/ -->\n<title>Das Team - OVERW8 Digital Marketing Agentur in Deutschland<\/title>\n<meta name=\"description\" content=\"Erfahren Sie mehr \u00fcber das Kernteam bei o8 - von Markenentwicklung \u00fcber Marketingstrategie bis hin zu Design, Development und GTD: Wer steht dahinter?\" \/>\n<meta name=\"robots\" content=\"index, follow, max-snippet:-1, max-image-preview:large, max-video-preview:-1\" \/>\n<link rel=\"canonical\" href=\"https:\/\/overw8.de\/de\/das-team\/\" \/>\n<meta property=\"og:locale\" content=\"de_DE\" \/>\n<meta property=\"og:type\" content=\"article\" \/>\n<meta property=\"og:title\" content=\"Das Team - OVERW8 Digital Marketing Agentur in Deutschland\" \/>\n<meta property=\"og:description\" content=\"Erfahren Sie mehr \u00fcber das Kernteam bei o8 - von Markenentwicklung \u00fcber Marketingstrategie bis hin zu Design, Development und GTD: Wer steht dahinter?\" \/>\n<meta property=\"og:url\" content=\"https:\/\/overw8.de\/de\/das-team\/\" \/>\n<meta property=\"og:site_name\" content=\"OVERW8 Digital Marketing Agentur in Deutschland\" \/>\n<meta property=\"article:publisher\" content=\"https:\/\/www.facebook.com\/overw8DigitalAgentur\/\" \/>\n<meta property=\"article:modified_time\" content=\"2022-12-23T12:08:36+00:00\" \/>\n<meta name=\"twitter:card\" content=\"summary_large_image\" \/>\n<meta name=\"twitter:site\" content=\"@o8_agency\" \/>\n<meta name=\"twitter:label1\" content=\"Gesch\u00e4tzte Lesezeit\" \/>\n\t<meta name=\"twitter:data1\" content=\"4\u00a0Minuten\" \/>\n<script type=\"application\/ld+json\" class=\"yoast-schema-graph\">{\"@context\":\"https:\/\/schema.org\",\"@graph\":[{\"@type\":\"WebPage\",\"@id\":\"https:\/\/overw8.de\/de\/das-team\/\",\"url\":\"https:\/\/overw8.de\/de\/das-team\/\",\"name\":\"Das Team - OVERW8 Digital Marketing Agentur in Deutschland\",\"isPartOf\":{\"@id\":\"https:\/\/overw8.de\/#website\"},\"primaryImageOfPage\":{\"@id\":\"https:\/\/overw8.de\/de\/das-team\/#primaryimage\"},\"image\":{\"@id\":\"https:\/\/overw8.de\/de\/das-team\/#primaryimage\"},\"thumbnailUrl\":\"https:\/\/overw8.de\/wp-content\/uploads\/2019\/03\/in-icon.png\",\"datePublished\":\"2019-04-03T04:07:56+00:00\",\"dateModified\":\"2022-12-23T12:08:36+00:00\",\"description\":\"Erfahren Sie mehr \u00fcber das Kernteam bei o8 - von Markenentwicklung \u00fcber Marketingstrategie bis hin zu Design, Development und GTD: Wer steht dahinter?\",\"breadcrumb\":{\"@id\":\"https:\/\/overw8.de\/de\/das-team\/#breadcrumb\"},\"inLanguage\":\"de\",\"potentialAction\":[{\"@type\":\"ReadAction\",\"target\":[\"https:\/\/overw8.de\/de\/das-team\/\"]}]},{\"@type\":\"ImageObject\",\"inLanguage\":\"de\",\"@id\":\"https:\/\/overw8.de\/de\/das-team\/#primaryimage\",\"url\":\"https:\/\/overw8.de\/wp-content\/uploads\/2019\/03\/in-icon.png\",\"contentUrl\":\"https:\/\/overw8.de\/wp-content\/uploads\/2019\/03\/in-icon.png\"},{\"@type\":\"BreadcrumbList\",\"@id\":\"https:\/\/overw8.de\/de\/das-team\/#breadcrumb\",\"itemListElement\":[{\"@type\":\"ListItem\",\"position\":1,\"name\":\"Home\",\"item\":\"https:\/\/overw8.de\/de\/overw8-die-digital-marketing-agentur-speziell-fur-unternehmer\/\"},{\"@type\":\"ListItem\",\"position\":2,\"name\":\"Das Team\"}]},{\"@type\":\"WebSite\",\"@id\":\"https:\/\/overw8.de\/#website\",\"url\":\"https:\/\/overw8.de\/\",\"name\":\"OVERW8 Digital Marketing Agentur in Deutschland\",\"description\":\"Die Digital Marketing Agentur speziell f\u00fcr Unternehmer\",\"publisher\":{\"@id\":\"https:\/\/overw8.de\/#organization\"},\"potentialAction\":[{\"@type\":\"SearchAction\",\"target\":{\"@type\":\"EntryPoint\",\"urlTemplate\":\"https:\/\/overw8.de\/?s={search_term_string}\"},\"query-input\":{\"@type\":\"PropertyValueSpecification\",\"valueRequired\":true,\"valueName\":\"search_term_string\"}}],\"inLanguage\":\"de\"},{\"@type\":\"Organization\",\"@id\":\"https:\/\/overw8.de\/#organization\",\"name\":\"OVERW8 Digital Agency\",\"url\":\"https:\/\/overw8.de\/\",\"logo\":{\"@type\":\"ImageObject\",\"inLanguage\":\"de\",\"@id\":\"https:\/\/overw8.de\/#\/schema\/logo\/image\/\",\"url\":\"https:\/\/overw8.de\/wp-content\/uploads\/2019\/03\/o8logo.png\",\"contentUrl\":\"https:\/\/overw8.de\/wp-content\/uploads\/2019\/03\/o8logo.png\",\"width\":204,\"height\":40,\"caption\":\"OVERW8 Digital Agency\"},\"image\":{\"@id\":\"https:\/\/overw8.de\/#\/schema\/logo\/image\/\"},\"sameAs\":[\"https:\/\/www.facebook.com\/overw8DigitalAgentur\/\",\"https:\/\/x.com\/o8_agency\",\"https:\/\/www.instagram.com\/o8_agency\/\",\"https:\/\/www.linkedin.com\/company\/overw8\/\"]}]}<\/script>\n<!-- \/ Yoast SEO plugin. -->","yoast_head_json":{"title":"Das Team - OVERW8 Digital Marketing Agentur in Deutschland","description":"Erfahren Sie mehr \u00fcber das Kernteam bei o8 - von Markenentwicklung \u00fcber Marketingstrategie bis hin zu Design, Development und GTD: Wer steht dahinter?","robots":{"index":"index","follow":"follow","max-snippet":"max-snippet:-1","max-image-preview":"max-image-preview:large","max-video-preview":"max-video-preview:-1"},"canonical":"https:\/\/overw8.de\/de\/das-team\/","og_locale":"de_DE","og_type":"article","og_title":"Das Team - OVERW8 Digital Marketing Agentur in Deutschland","og_description":"Erfahren Sie mehr \u00fcber das Kernteam bei o8 - von Markenentwicklung \u00fcber Marketingstrategie bis hin zu Design, Development und GTD: Wer steht dahinter?","og_url":"https:\/\/overw8.de\/de\/das-team\/","og_site_name":"OVERW8 Digital Marketing Agentur in Deutschland","article_publisher":"https:\/\/www.facebook.com\/overw8DigitalAgentur\/","article_modified_time":"2022-12-23T12:08:36+00:00","twitter_card":"summary_large_image","twitter_site":"@o8_agency","twitter_misc":{"Gesch\u00e4tzte Lesezeit":"4\u00a0Minuten"},"schema":{"@context":"https:\/\/schema.org","@graph":[{"@type":"WebPage","@id":"https:\/\/overw8.de\/de\/das-team\/","url":"https:\/\/overw8.de\/de\/das-team\/","name":"Das Team - OVERW8 Digital Marketing Agentur in Deutschland","isPartOf":{"@id":"https:\/\/overw8.de\/#website"},"primaryImageOfPage":{"@id":"https:\/\/overw8.de\/de\/das-team\/#primaryimage"},"image":{"@id":"https:\/\/overw8.de\/de\/das-team\/#primaryimage"},"thumbnailUrl":"https:\/\/overw8.de\/wp-content\/uploads\/2019\/03\/in-icon.png","datePublished":"2019-04-03T04:07:56+00:00","dateModified":"2022-12-23T12:08:36+00:00","description":"Erfahren Sie mehr \u00fcber das Kernteam bei o8 - von Markenentwicklung \u00fcber Marketingstrategie bis hin zu Design, Development und GTD: Wer steht dahinter?","breadcrumb":{"@id":"https:\/\/overw8.de\/de\/das-team\/#breadcrumb"},"inLanguage":"de","potentialAction":[{"@type":"ReadAction","target":["https:\/\/overw8.de\/de\/das-team\/"]}]},{"@type":"ImageObject","inLanguage":"de","@id":"https:\/\/overw8.de\/de\/das-team\/#primaryimage","url":"https:\/\/overw8.de\/wp-content\/uploads\/2019\/03\/in-icon.png","contentUrl":"https:\/\/overw8.de\/wp-content\/uploads\/2019\/03\/in-icon.png"},{"@type":"BreadcrumbList","@id":"https:\/\/overw8.de\/de\/das-team\/#breadcrumb","itemListElement":[{"@type":"ListItem","position":1,"name":"Home","item":"https:\/\/overw8.de\/de\/overw8-die-digital-marketing-agentur-speziell-fur-unternehmer\/"},{"@type":"ListItem","position":2,"name":"Das Team"}]},{"@type":"WebSite","@id":"https:\/\/overw8.de\/#website","url":"https:\/\/overw8.de\/","name":"OVERW8 Digital Marketing Agentur in Deutschland","description":"Die Digital Marketing Agentur speziell f\u00fcr Unternehmer","publisher":{"@id":"https:\/\/overw8.de\/#organization"},"potentialAction":[{"@type":"SearchAction","target":{"@type":"EntryPoint","urlTemplate":"https:\/\/overw8.de\/?s={search_term_string}"},"query-input":{"@type":"PropertyValueSpecification","valueRequired":true,"valueName":"search_term_string"}}],"inLanguage":"de"},{"@type":"Organization","@id":"https:\/\/overw8.de\/#organization","name":"OVERW8 Digital Agency","url":"https:\/\/overw8.de\/","logo":{"@type":"ImageObject","inLanguage":"de","@id":"https:\/\/overw8.de\/#\/schema\/logo\/image\/","url":"https:\/\/overw8.de\/wp-content\/uploads\/2019\/03\/o8logo.png","contentUrl":"https:\/\/overw8.de\/wp-content\/uploads\/2019\/03\/o8logo.png","width":204,"height":40,"caption":"OVERW8 Digital Agency"},"image":{"@id":"https:\/\/overw8.de\/#\/schema\/logo\/image\/"},"sameAs":["https:\/\/www.facebook.com\/overw8DigitalAgentur\/","https:\/\/x.com\/o8_agency","https:\/\/www.instagram.com\/o8_agency\/","https:\/\/www.linkedin.com\/company\/overw8\/"]}]}},"_links":{"self":[{"href":"https:\/\/overw8.de\/de\/wp-json\/wp\/v2\/pages\/1451","targetHints":{"allow":["GET"]}}],"collection":[{"href":"https:\/\/overw8.de\/de\/wp-json\/wp\/v2\/pages"}],"about":[{"href":"https:\/\/overw8.de\/de\/wp-json\/wp\/v2\/types\/page"}],"author":[{"embeddable":true,"href":"https:\/\/overw8.de\/de\/wp-json\/wp\/v2\/users\/1"}],"replies":[{"embeddable":true,"href":"https:\/\/overw8.de\/de\/wp-json\/wp\/v2\/comments?post=1451"}],"version-history":[{"count":1,"href":"https:\/\/overw8.de\/de\/wp-json\/wp\/v2\/pages\/1451\/revisions"}],"predecessor-version":[{"id":19883,"href":"https:\/\/overw8.de\/de\/wp-json\/wp\/v2\/pages\/1451\/revisions\/19883"}],"wp:featuredmedia":[{"embeddable":true,"href":"https:\/\/overw8.de\/de\/wp-json\/"}],"wp:attachment":[{"href":"https:\/\/overw8.de\/de\/wp-json\/wp\/v2\/media?parent=1451"}],"wp:term":[{"taxonomy":"hashtags","embeddable":true,"href":"https:\/\/overw8.de\/de\/wp-json\/wp\/v2\/hashtags?post=1451"}],"curies":[{"name":"wp","href":"https:\/\/api.w.org\/{rel}","templated":true}]}}