{"id":1463,"date":"2019-04-03T06:07:58","date_gmt":"2019-04-03T06:07:58","guid":{"rendered":"https:\/\/overw8.de\/imprint\/"},"modified":"2021-04-07T11:10:43","modified_gmt":"2021-04-07T09:10:43","slug":"impressumsangaben","status":"publish","type":"page","link":"https:\/\/overw8.de\/de\/impressumsangaben\/","title":{"rendered":"Impressumsangaben"},"content":{"rendered":"<div class=\"wpb-content-wrapper\">[vc_row thb_full_width=&#8220;true&#8220; thb_row_padding=&#8220;true&#8220; content_placement=&#8220;top&#8220; thb_divider_position=&#8220;bottom&#8220;][vc_column width=&#8220;1\/6&#8243; animation=&#8220;animation fade-in&#8220; css=&#8220;.vc_custom_1553015886426{background-color: #faf3de !important;background-position: center !important;background-repeat: no-repeat !important;background-size: cover !important;}&#8220; el_class=&#8220;full-height&#8220;][\/vc_column][vc_column width=&#8220;5\/6&#8243; css=&#8220;.vc_custom_1553015107073{padding-top: 20% !important;padding-right: 15% !important;padding-bottom: 19% !important;padding-left: 15% !important;}&#8220;][vc_column_text]\n<h1><span style=\"color: #bf0000;\">Impressumsangaben<\/span><\/h1>\n[\/vc_column_text][vc_column_text]\n<div>\n<h3><strong>OVERW8 Agentur &amp; Medien K. Reinbach<\/strong><\/h3>\n<h4>Inhaberin: Kristin Reinbach<\/h4>\n<\/div>\n<p>&nbsp;<\/p>\n<div>\n<div>Prinz-Karl-Str. 47<\/div>\n<div>82319 Starnberg<\/div>\n<\/div>\n<div>\n<div><\/div>\n<div>Telefon: +49 8151 40 59 184<\/div>\n<div>E-Mail: <a href=\"https:\/\/overw8.de\/impressum\/mailto:kontakt@overw8.de\" target=\"_blank\" rel=\"noopener noreferrer\">kontakt[at]overw8.de<\/a><\/div>\n<div><\/div>\n<div>\n<p>Umsatzsteuer-ID: DE245833868<\/p>\n<\/div>\n<\/div>\n[\/vc_column_text][vc_column_text]\n<hr \/>\n<h2><\/h2>\n<h2 style=\"text-align: left;\">Disclaimer \u2013 rechtliche Hinweise<\/h2>\n<div style=\"text-align: left;\">\n<h4>\u00a7 1 WARNHINWEIS ZU INHALTEN<\/h4>\n<div>\n<p>Die kostenlosen und frei zug\u00e4nglichen Inhalte dieser Webseite wurden mit gr\u00f6\u00dftm\u00f6glicher Sorgfalt erstellt. Der Anbieter dieser Webseite \u00fcbernimmt jedoch keine Gew\u00e4hr f\u00fcr die Richtigkeit und Aktualit\u00e4t der bereitgestellten kostenlosen und frei zug\u00e4nglichen journalistischen Ratgeber und Nachrichten. Namentlich gekennzeichnete Beitr\u00e4ge geben die Meinung des jeweiligen Autors und nicht immer die Meinung des Anbieters wieder. Allein durch den Aufruf der kostenlosen und frei zug\u00e4nglichen Inhalte kommt keinerlei Vertragsverh\u00e4ltnis zwischen dem Nutzer und dem Anbieter zustande, insoweit fehlt es am Rechtsbindungswillen des Anbieters.<\/p>\n<hr \/>\n<\/div>\n<\/div>\n<div style=\"text-align: left;\">\n<h4><\/h4>\n<h4>\u00a7 2 EXTERNE LINKS<\/h4>\n<div>\n<p>Diese Website enth\u00e4lt Verkn\u00fcpfungen zu Websites Dritter (\u201cexterne Links\u201d). Diese Websites unterliegen der Haftung der jeweiligen Betreiber. Der Anbieter hat bei der erstmaligen Verkn\u00fcpfung der externen Links die fremden Inhalte daraufhin \u00fcberpr\u00fcft, ob etwaige Rechtsverst\u00f6\u00dfe bestehen. Zu dem Zeitpunkt waren keine Rechtsverst\u00f6\u00dfe ersichtlich. Der Anbieter hat keinerlei Einfluss auf die aktuelle und zuk\u00fcnftige Gestaltung und auf die Inhalte der verkn\u00fcpften Seiten. Das Setzen von externen Links bedeutet nicht, dass sich der Anbieter die hinter dem Verweis oder Link liegenden Inhalte zu Eigen macht. Eine st\u00e4ndige Kontrolle der externen Links ist f\u00fcr den Anbieter ohne konkrete Hinweise auf Rechtsverst\u00f6\u00dfe nicht zumutbar. Bei Kenntnis von Rechtsverst\u00f6\u00dfen werden jedoch derartige externe Links unverz\u00fcglich gel\u00f6scht.<\/p>\n<hr \/>\n<\/div>\n<\/div>\n<div style=\"text-align: left;\">\n<h4><\/h4>\n<h4>\u00a7 3 URHEBER- UND LEISTUNGSSCHUTZRECHTE<\/h4>\n<div>Die auf dieser Website ver\u00f6ffentlichten Inhalte unterliegen dem deutschen Urheber- und Leistungsschutzrecht. Jede vom deutschen Urheber- und Leistungsschutzrecht nicht zugelassene Verwertung bedarf der vorherigen schriftlichen Zustimmung des Anbieters oder jeweiligen Rechteinhabers.<\/div>\n<div><\/div>\n<div>Dies gilt insbesondere f\u00fcr Vervielf\u00e4ltigung, Bearbeitung, \u00dcbersetzung, Einspeicherung, Verarbeitung bzw. Wiedergabe von Inhalten in Datenbanken oder anderen elektronischen Medien und Systemen. Inhalte und Rechte Dritter sind dabei als solche gekennzeichnet.<\/div>\n<div><\/div>\n<div>Die unerlaubte Vervielf\u00e4ltigung oder Weitergabe einzelner Inhalte oder kompletter Seiten ist nicht gestattet und strafbar. Lediglich die Herstellung von Kopien und Downloads f\u00fcr den pers\u00f6nlichen, privaten und nicht kommerziellen Gebrauch ist erlaubt.<\/div>\n<div>\n<p>Die Darstellung dieser Website in fremden Frames ist nur mit schriftlicher Erlaubnis zul\u00e4ssig.<\/p>\n<hr \/>\n<\/div>\n<\/div>\n<div>\n<h4><\/h4>\n<h4 style=\"text-align: left;\">\u00a7 4 BESONDERE NUTZUNGSBEDINGUNGEN<\/h4>\n<div style=\"text-align: left;\">Soweit besondere Bedingungen f\u00fcr einzelne Nutzungen dieser Website von den vorgenannten Paragraphen abweichen, wird an entsprechender Stelle ausdr\u00fccklich darauf hingewiesen.<\/div>\n<div style=\"text-align: left;\"><\/div>\n<div style=\"text-align: left;\">In diesem Falle gelten im jeweiligen Einzelfall die besonderen Nutzungsbedingungen.<\/div>\n<div style=\"text-align: left;\"><\/div>\n<p>&nbsp;<\/p>\n<div style=\"text-align: left;\">Quelle: <a href=\"http:\/\/www.impressum-recht.de\/impressum-generator\/\" target=\"_blank\" rel=\"noopener noreferrer\">Impressum-Generator von Impressum-Recht.de<\/a>\u00a0\u2013 danke!<\/div>\n<\/div>\n[\/vc_column_text][\/vc_column][\/vc_row]\n<\/div>","protected":false},"excerpt":{"rendered":"<p>[vc_row thb_full_width=&#8220;true&#8220; thb_row_padding=&#8220;true&#8220; content_placement=&#8220;top&#8220; thb_divider_position=&#8220;bottom&#8220;][vc_column width=&#8220;1\/6&#8243; animation=&#8220;animation fade-in&#8220; css=&#8220;.vc_custom_1553015886426{background-color: #faf3de !important;background-position: center !important;background-repeat: no-repeat !important;background-size: cover !important;}&#8220; el_class=&#8220;full-height&#8220;][\/vc_column][vc_column width=&#8220;5\/6&#8243; css=&#8220;.vc_custom_1553015107073{padding-top: 20% !important;padding-right: 15% !important;padding-bottom: 19% !important;padding-left: 15% !important;}&#8220;][vc_column_text] Impressumsangaben [\/vc_column_text][vc_column_text] OVERW8 Agentur &amp; Medien K. Reinbach Inhaberin: Kristin Reinbach &nbsp; Prinz-Karl-Str. 47 82319 Starnberg Telefon: +49 8151 40 59 184 E-Mail: kontakt[at]overw8.de Umsatzsteuer-ID: DE245833868 [\/vc_column_text][vc_column_text]&hellip;<\/p>\n","protected":false},"author":1,"featured_media":0,"parent":0,"menu_order":0,"comment_status":"closed","ping_status":"closed","template":"","meta":{"_acf_changed":false,"_has_post_settings":[],"footnotes":""},"hashtags":[],"class_list":["post-1463","page","type-page","status-publish","hentry"],"acf":[],"nelio_content":{"autoShareEndMode":"never","automationSources":{"useCustomSentences":false,"customSentences":[]},"efiAlt":"","efiUrl":"","followers":[6,1],"highlights":[],"isAutoShareEnabled":false,"networkImageIds":[],"permalinkQueryArgs":[],"series":[],"suggestedReferences":[]},"yoast_head":"<!-- This site is optimized with the Yoast SEO plugin v27.3 - https:\/\/yoast.com\/product\/yoast-seo-wordpress\/ -->\n<title>Impressumsangaben - OVERW8 Digital Marketing Agentur in Deutschland<\/title>\n<meta name=\"robots\" content=\"index, follow, max-snippet:-1, max-image-preview:large, max-video-preview:-1\" \/>\n<link rel=\"canonical\" href=\"https:\/\/overw8.de\/de\/impressumsangaben\/\" \/>\n<meta property=\"og:locale\" content=\"de_DE\" \/>\n<meta property=\"og:type\" content=\"article\" \/>\n<meta property=\"og:title\" content=\"Impressumsangaben - OVERW8 Digital Marketing Agentur in Deutschland\" \/>\n<meta property=\"og:description\" content=\"[vc_row thb_full_width=&#8220;true&#8220; thb_row_padding=&#8220;true&#8220; content_placement=&#8220;top&#8220; thb_divider_position=&#8220;bottom&#8220;][vc_column width=&#8220;1\/6&#8243; animation=&#8220;animation fade-in&#8220; css=&#8220;.vc_custom_1553015886426{background-color: #faf3de !important;background-position: center !important;background-repeat: no-repeat !important;background-size: cover !important;}&#8220; el_class=&#8220;full-height&#8220;][\/vc_column][vc_column width=&#8220;5\/6&#8243; css=&#8220;.vc_custom_1553015107073{padding-top: 20% !important;padding-right: 15% !important;padding-bottom: 19% !important;padding-left: 15% !important;}&#8220;][vc_column_text] Impressumsangaben [\/vc_column_text][vc_column_text] OVERW8 Agentur &amp; Medien K. Reinbach Inhaberin: Kristin Reinbach &nbsp; Prinz-Karl-Str. 47 82319 Starnberg Telefon: +49 8151 40 59 184 E-Mail: kontakt[at]overw8.de Umsatzsteuer-ID: DE245833868 [\/vc_column_text][vc_column_text]&hellip;\" \/>\n<meta property=\"og:url\" content=\"https:\/\/overw8.de\/de\/impressumsangaben\/\" \/>\n<meta property=\"og:site_name\" content=\"OVERW8 Digital Marketing Agentur in Deutschland\" \/>\n<meta property=\"article:publisher\" content=\"https:\/\/www.facebook.com\/overw8DigitalAgentur\/\" \/>\n<meta property=\"article:modified_time\" content=\"2021-04-07T09:10:43+00:00\" \/>\n<meta name=\"twitter:card\" content=\"summary_large_image\" \/>\n<meta name=\"twitter:site\" content=\"@o8_agency\" \/>\n<meta name=\"twitter:label1\" content=\"Gesch\u00e4tzte Lesezeit\" \/>\n\t<meta name=\"twitter:data1\" content=\"2\u00a0Minuten\" \/>\n<script type=\"application\/ld+json\" class=\"yoast-schema-graph\">{\"@context\":\"https:\\\/\\\/schema.org\",\"@graph\":[{\"@type\":\"WebPage\",\"@id\":\"https:\\\/\\\/overw8.de\\\/de\\\/impressumsangaben\\\/\",\"url\":\"https:\\\/\\\/overw8.de\\\/de\\\/impressumsangaben\\\/\",\"name\":\"Impressumsangaben - OVERW8 Digital Marketing Agentur in Deutschland\",\"isPartOf\":{\"@id\":\"https:\\\/\\\/overw8.de\\\/#website\"},\"datePublished\":\"2019-04-03T06:07:58+00:00\",\"dateModified\":\"2021-04-07T09:10:43+00:00\",\"breadcrumb\":{\"@id\":\"https:\\\/\\\/overw8.de\\\/de\\\/impressumsangaben\\\/#breadcrumb\"},\"inLanguage\":\"de\",\"potentialAction\":[{\"@type\":\"ReadAction\",\"target\":[\"https:\\\/\\\/overw8.de\\\/de\\\/impressumsangaben\\\/\"]}]},{\"@type\":\"BreadcrumbList\",\"@id\":\"https:\\\/\\\/overw8.de\\\/de\\\/impressumsangaben\\\/#breadcrumb\",\"itemListElement\":[{\"@type\":\"ListItem\",\"position\":1,\"name\":\"Home\",\"item\":\"https:\\\/\\\/overw8.de\\\/de\\\/overw8-die-digital-marketing-agentur-speziell-fur-unternehmer\\\/\"},{\"@type\":\"ListItem\",\"position\":2,\"name\":\"Impressumsangaben\"}]},{\"@type\":\"WebSite\",\"@id\":\"https:\\\/\\\/overw8.de\\\/#website\",\"url\":\"https:\\\/\\\/overw8.de\\\/\",\"name\":\"OVERW8 Digital Marketing Agentur in Deutschland\",\"description\":\"Die Digital Marketing Agentur speziell f\u00fcr Unternehmer\",\"publisher\":{\"@id\":\"https:\\\/\\\/overw8.de\\\/#organization\"},\"potentialAction\":[{\"@type\":\"SearchAction\",\"target\":{\"@type\":\"EntryPoint\",\"urlTemplate\":\"https:\\\/\\\/overw8.de\\\/?s={search_term_string}\"},\"query-input\":{\"@type\":\"PropertyValueSpecification\",\"valueRequired\":true,\"valueName\":\"search_term_string\"}}],\"inLanguage\":\"de\"},{\"@type\":\"Organization\",\"@id\":\"https:\\\/\\\/overw8.de\\\/#organization\",\"name\":\"OVERW8 Digital Agency\",\"url\":\"https:\\\/\\\/overw8.de\\\/\",\"logo\":{\"@type\":\"ImageObject\",\"inLanguage\":\"de\",\"@id\":\"https:\\\/\\\/overw8.de\\\/#\\\/schema\\\/logo\\\/image\\\/\",\"url\":\"https:\\\/\\\/overw8.de\\\/wp-content\\\/uploads\\\/2019\\\/03\\\/o8logo.png\",\"contentUrl\":\"https:\\\/\\\/overw8.de\\\/wp-content\\\/uploads\\\/2019\\\/03\\\/o8logo.png\",\"width\":204,\"height\":40,\"caption\":\"OVERW8 Digital Agency\"},\"image\":{\"@id\":\"https:\\\/\\\/overw8.de\\\/#\\\/schema\\\/logo\\\/image\\\/\"},\"sameAs\":[\"https:\\\/\\\/www.facebook.com\\\/overw8DigitalAgentur\\\/\",\"https:\\\/\\\/x.com\\\/o8_agency\",\"https:\\\/\\\/www.instagram.com\\\/o8_agency\\\/\",\"https:\\\/\\\/www.linkedin.com\\\/company\\\/overw8\\\/\"]}]}<\/script>\n<!-- \/ Yoast SEO plugin. -->","yoast_head_json":{"title":"Impressumsangaben - OVERW8 Digital Marketing Agentur in Deutschland","robots":{"index":"index","follow":"follow","max-snippet":"max-snippet:-1","max-image-preview":"max-image-preview:large","max-video-preview":"max-video-preview:-1"},"canonical":"https:\/\/overw8.de\/de\/impressumsangaben\/","og_locale":"de_DE","og_type":"article","og_title":"Impressumsangaben - OVERW8 Digital Marketing Agentur in Deutschland","og_description":"[vc_row thb_full_width=&#8220;true&#8220; thb_row_padding=&#8220;true&#8220; content_placement=&#8220;top&#8220; thb_divider_position=&#8220;bottom&#8220;][vc_column width=&#8220;1\/6&#8243; animation=&#8220;animation fade-in&#8220; css=&#8220;.vc_custom_1553015886426{background-color: #faf3de !important;background-position: center !important;background-repeat: no-repeat !important;background-size: cover !important;}&#8220; el_class=&#8220;full-height&#8220;][\/vc_column][vc_column width=&#8220;5\/6&#8243; css=&#8220;.vc_custom_1553015107073{padding-top: 20% !important;padding-right: 15% !important;padding-bottom: 19% !important;padding-left: 15% !important;}&#8220;][vc_column_text] Impressumsangaben [\/vc_column_text][vc_column_text] OVERW8 Agentur &amp; Medien K. Reinbach Inhaberin: Kristin Reinbach &nbsp; Prinz-Karl-Str. 47 82319 Starnberg Telefon: +49 8151 40 59 184 E-Mail: kontakt[at]overw8.de Umsatzsteuer-ID: DE245833868 [\/vc_column_text][vc_column_text]&hellip;","og_url":"https:\/\/overw8.de\/de\/impressumsangaben\/","og_site_name":"OVERW8 Digital Marketing Agentur in Deutschland","article_publisher":"https:\/\/www.facebook.com\/overw8DigitalAgentur\/","article_modified_time":"2021-04-07T09:10:43+00:00","twitter_card":"summary_large_image","twitter_site":"@o8_agency","twitter_misc":{"Gesch\u00e4tzte Lesezeit":"2\u00a0Minuten"},"schema":{"@context":"https:\/\/schema.org","@graph":[{"@type":"WebPage","@id":"https:\/\/overw8.de\/de\/impressumsangaben\/","url":"https:\/\/overw8.de\/de\/impressumsangaben\/","name":"Impressumsangaben - OVERW8 Digital Marketing Agentur in Deutschland","isPartOf":{"@id":"https:\/\/overw8.de\/#website"},"datePublished":"2019-04-03T06:07:58+00:00","dateModified":"2021-04-07T09:10:43+00:00","breadcrumb":{"@id":"https:\/\/overw8.de\/de\/impressumsangaben\/#breadcrumb"},"inLanguage":"de","potentialAction":[{"@type":"ReadAction","target":["https:\/\/overw8.de\/de\/impressumsangaben\/"]}]},{"@type":"BreadcrumbList","@id":"https:\/\/overw8.de\/de\/impressumsangaben\/#breadcrumb","itemListElement":[{"@type":"ListItem","position":1,"name":"Home","item":"https:\/\/overw8.de\/de\/overw8-die-digital-marketing-agentur-speziell-fur-unternehmer\/"},{"@type":"ListItem","position":2,"name":"Impressumsangaben"}]},{"@type":"WebSite","@id":"https:\/\/overw8.de\/#website","url":"https:\/\/overw8.de\/","name":"OVERW8 Digital Marketing Agentur in Deutschland","description":"Die Digital Marketing Agentur speziell f\u00fcr Unternehmer","publisher":{"@id":"https:\/\/overw8.de\/#organization"},"potentialAction":[{"@type":"SearchAction","target":{"@type":"EntryPoint","urlTemplate":"https:\/\/overw8.de\/?s={search_term_string}"},"query-input":{"@type":"PropertyValueSpecification","valueRequired":true,"valueName":"search_term_string"}}],"inLanguage":"de"},{"@type":"Organization","@id":"https:\/\/overw8.de\/#organization","name":"OVERW8 Digital Agency","url":"https:\/\/overw8.de\/","logo":{"@type":"ImageObject","inLanguage":"de","@id":"https:\/\/overw8.de\/#\/schema\/logo\/image\/","url":"https:\/\/overw8.de\/wp-content\/uploads\/2019\/03\/o8logo.png","contentUrl":"https:\/\/overw8.de\/wp-content\/uploads\/2019\/03\/o8logo.png","width":204,"height":40,"caption":"OVERW8 Digital Agency"},"image":{"@id":"https:\/\/overw8.de\/#\/schema\/logo\/image\/"},"sameAs":["https:\/\/www.facebook.com\/overw8DigitalAgentur\/","https:\/\/x.com\/o8_agency","https:\/\/www.instagram.com\/o8_agency\/","https:\/\/www.linkedin.com\/company\/overw8\/"]}]}},"_links":{"self":[{"href":"https:\/\/overw8.de\/de\/wp-json\/wp\/v2\/pages\/1463","targetHints":{"allow":["GET"]}}],"collection":[{"href":"https:\/\/overw8.de\/de\/wp-json\/wp\/v2\/pages"}],"about":[{"href":"https:\/\/overw8.de\/de\/wp-json\/wp\/v2\/types\/page"}],"author":[{"embeddable":true,"href":"https:\/\/overw8.de\/de\/wp-json\/wp\/v2\/users\/1"}],"replies":[{"embeddable":true,"href":"https:\/\/overw8.de\/de\/wp-json\/wp\/v2\/comments?post=1463"}],"version-history":[{"count":1,"href":"https:\/\/overw8.de\/de\/wp-json\/wp\/v2\/pages\/1463\/revisions"}],"predecessor-version":[{"id":12115,"href":"https:\/\/overw8.de\/de\/wp-json\/wp\/v2\/pages\/1463\/revisions\/12115"}],"wp:attachment":[{"href":"https:\/\/overw8.de\/de\/wp-json\/wp\/v2\/media?parent=1463"}],"wp:term":[{"taxonomy":"hashtags","embeddable":true,"href":"https:\/\/overw8.de\/de\/wp-json\/wp\/v2\/hashtags?post=1463"}],"curies":[{"name":"wp","href":"https:\/\/api.w.org\/{rel}","templated":true}]}}