{"id":1467,"date":"2019-04-03T06:07:58","date_gmt":"2019-04-03T04:07:58","guid":{"rendered":"https:\/\/overw8.de\/o8-lab\/"},"modified":"2020-03-09T10:45:20","modified_gmt":"2020-03-09T09:45:20","slug":"o8-innovations-lab","status":"publish","type":"page","link":"https:\/\/overw8.de\/de\/o8-innovations-lab\/","title":{"rendered":"o8 Lab"},"content":{"rendered":"<div class=\"wpb-content-wrapper\">[vc_row thb_scroll_bottom=&#8220;true&#8220; thb_scroll_bottom_style=&#8220;style3&#8243; thb_scroll_bottom_color=&#8220;light&#8220; thb_divider_position=&#8220;bottom&#8220; thb_video_overlay_color=&#8220;rgba(0,0,0,0.4)&#8220; el_class=&#8220;align-center&#8220; thb_row_title=&#8220;Intro&#8220; css=&#8220;.vc_custom_1554299435048{background-image: url(https:\/\/overw8.de\/wp-content\/uploads\/2019\/04\/video.jpg?id=1532) !important;}&#8220; thb_video_bg=&#8220;https:\/\/overw8.de\/wp-content\/uploads\/2019\/04\/tasty.mp4&#8243;][vc_column thb_color=&#8220;thb-light-column&#8220; offset=&#8220;vc_col-lg-9 vc_col-md-10&#8243; css=&#8220;.vc_custom_1554476665900{padding-bottom: 20px !important;}&#8220;][vc_empty_space height=&#8220;150px&#8220;][vc_column_text animation=&#8220;animation bottom-to-top&#8220;]\n<h1>The o8 Lab<\/h1>\n<h2><em>Mehr probieren. Schneller schlau werden.<\/em><\/h2>\n[\/vc_column_text][\/vc_column][\/vc_row][vc_row thb_divider_position=&#8220;bottom&#8220; el_class=&#8220;align-center&#8220; css=&#8220;.vc_custom_1552908791573{padding-top: 10vh !important;padding-bottom: 10vh !important;}&#8220; thb_row_title=&#8220;Introduction&#8220;][vc_column offset=&#8220;vc_col-lg-9 vc_col-md-10&#8243;][vc_row_inner][vc_column_inner][vc_column_text animation=&#8220;animation bottom-to-top&#8220;]\n<h2><span style=\"color: #bf0000;\">Wir testen neue Methoden und Tools, damit Sie es nicht m\u00fcssen.<\/span><\/h2>\n<h2><\/h2>\n[\/vc_column_text][vc_column_text animation=&#8220;animation bottom-to-top&#8220;]Dass die digitale Welt sich so rasch und dynamisch entwickelt, finden wir bei OVERW8 gro\u00dfartig. Wenn wir allerdings damit warten w\u00fcrden, neue Methoden und Tools zu testen, bis uns jemand beauftragt, neue L\u00f6sungen f\u00fcr etwas zu finden, dann w\u00e4re es meist schon zu sp\u00e4t. Deswegen haben wir immer ein Auge auf relevante neue Entwicklungen und testen neue Tools m\u00f6glichst rasch &#8222;am eigenen Leib&#8220; bzw. eigenen Projekten oder Testaufbauten. Dadurch k\u00f6nnen wir Ihnen Empfehlungen geben, von den wir nicht nur ahnen, sondern WISSEN, dass sie funktionieren und nicht nur h\u00fcbsch aussehen.<\/p>\n<p>\u00dcbrigens: H\u00e4ufig bedeutet das f\u00fcr unsere Kunden kostenlose aber wertvolle Tipps im Arbeitsprozess, die viel Geld und Nerven sparen. Ja, einfach so. Weil Ihr Erfolg letztlich unser Erfolg ist.[\/vc_column_text][vc_column_text animation=&#8220;animation bottom-to-top&#8220;]\n<h4><span style=\"color: #bf0000;\"><b><i>Derzeit auf unserer Research \/ Watchlist:<\/i><\/b><\/span><\/h4>\n<ul>\n<li style=\"font-weight: 400;\"><span style=\"font-weight: 400;\"><strong>ICO Marketing<\/strong>: Kann das seri\u00f6s funktionieren? Und wenn ja, dann wie?<\/span><\/li>\n<li style=\"font-weight: 400;\"><span style=\"font-weight: 400;\"><strong>Blockchain &amp; Co<\/strong>: Was geht da ab? Was ist dran, was ist Bullshit?<\/span><\/li>\n<li style=\"font-weight: 400;\"><span style=\"font-weight: 400;\"><strong>Instagram Story Ad Campaigns<\/strong> f\u00fcr hochspezialisierte Zielgruppen: Was geht &#8211; und f\u00fcr welches Geld?<\/span><\/li>\n<li style=\"font-weight: 400;\"><span style=\"font-weight: 400;\"><strong>Social Media Dashboards<\/strong>: Warum brauchen wir drei davon? Und was w\u00e4re, wenn wir selbst eins bauen?<\/span><\/li>\n<li style=\"font-weight: 400;\"><span style=\"font-weight: 400;\"><strong>Marketing Budget Kalkulations-Tool<\/strong>: Damit Sie von vornherein sinnvoll kalkulieren k\u00f6nnen.<\/span><\/li>\n<\/ul>\n[\/vc_column_text][vc_column_text animation=&#8220;animation bottom-to-top&#8220;]\n<h4><span style=\"color: #bf0000;\"><b><i>Zuvor:<\/i><\/b><\/span><\/h4>\n<ul>\n<li style=\"font-weight: 400;\"><span style=\"font-weight: 400;\">Wie geht <strong>SEO <\/strong>ohne<strong> Abstriche<\/strong> in der Markenkommunikation? (Club of Happy Lifepreneurs)<\/span><\/li>\n<li style=\"font-weight: 400;\"><span style=\"font-weight: 400;\"><strong>Sales Automation Tools<\/strong>\u2026 was sollten sie tun &#8211; und welche tun es?<\/span><\/li>\n<li style=\"font-weight: 400;\"><span style=\"font-weight: 400;\">Websites &amp; Plattformen\u2026 muss es wirklich<strong> immer WordPress<\/strong> sein (auch wenn wir es hei\u00df und innig lieben)?<\/span><\/li>\n<\/ul>\n[\/vc_column_text][\/vc_column_inner][\/vc_row_inner][\/vc_column][\/vc_row]\n<\/div>","protected":false},"excerpt":{"rendered":"<p>[vc_row thb_scroll_bottom=&#8220;true&#8220; thb_scroll_bottom_style=&#8220;style3&#8243; thb_scroll_bottom_color=&#8220;light&#8220; thb_divider_position=&#8220;bottom&#8220; thb_video_overlay_color=&#8220;rgba(0,0,0,0.4)&#8220; el_class=&#8220;align-center&#8220; thb_row_title=&#8220;Intro&#8220; css=&#8220;.vc_custom_1554299435048{background-image: url(https:\/\/overw8.de\/wp-content\/uploads\/2019\/04\/video.jpg?id=1532) !important;}&#8220; thb_video_bg=&#8220;https:\/\/overw8.de\/wp-content\/uploads\/2019\/04\/tasty.mp4&#8243;][vc_column thb_color=&#8220;thb-light-column&#8220; offset=&#8220;vc_col-lg-9 vc_col-md-10&#8243; css=&#8220;.vc_custom_1554476665900{padding-bottom: 20px !important;}&#8220;][vc_empty_space height=&#8220;150px&#8220;][vc_column_text animation=&#8220;animation bottom-to-top&#8220;] The o8 Lab Mehr probieren. Schneller schlau werden. [\/vc_column_text][\/vc_column][\/vc_row][vc_row thb_divider_position=&#8220;bottom&#8220; el_class=&#8220;align-center&#8220; css=&#8220;.vc_custom_1552908791573{padding-top: 10vh !important;padding-bottom: 10vh !important;}&#8220; thb_row_title=&#8220;Introduction&#8220;][vc_column offset=&#8220;vc_col-lg-9 vc_col-md-10&#8243;][vc_row_inner][vc_column_inner][vc_column_text animation=&#8220;animation bottom-to-top&#8220;] Wir testen neue Methoden und Tools, damit Sie es nicht m\u00fcssen. [\/vc_column_text][vc_column_text animation=&#8220;animation&hellip;<\/p>\n","protected":false},"author":1,"featured_media":0,"parent":0,"menu_order":0,"comment_status":"closed","ping_status":"closed","template":"","meta":{"_acf_changed":false,"_has_post_settings":[],"footnotes":""},"hashtags":[],"class_list":["post-1467","page","type-page","status-publish","hentry"],"acf":[],"nelio_content":{"autoShareEndMode":"never","automationSources":{"useCustomSentences":false,"customSentences":[]},"efiAlt":"","efiUrl":"","followers":[],"highlights":[],"isAutoShareEnabled":false,"networkImageIds":[],"permalinkQueryArgs":[],"series":[],"suggestedReferences":[]},"yoast_head":"<!-- This site is optimized with the Yoast SEO plugin v27.3 - https:\/\/yoast.com\/product\/yoast-seo-wordpress\/ -->\n<title>Das o8 Lab - OVERW8 Digital Marketing Agentur in Deutschland<\/title>\n<meta name=\"description\" content=\"\\&quot;Mehr probieren. Schneller schlau werden.\\&quot; Wir testen neue Methoden und Tools, damit Sie es nicht m\u00fcssen.Wir haben immer ein Auge auf relevante neue Entwicklungen und testen neue Tools m\u00f6glichst rasch \u201eam eigenen Leib\u201c bzw. eigenen Projekten oder Testaufbauten. Dadurch k\u00f6nnen wir Ihnen Empfehlungen geben, von den wir nicht nur ahnen, sondern WISSEN, dass sie funktionieren und nicht nur h\u00fcbsch aussehen.\" \/>\n<meta name=\"robots\" content=\"index, follow, max-snippet:-1, max-image-preview:large, max-video-preview:-1\" \/>\n<link rel=\"canonical\" href=\"https:\/\/overw8.de\/de\/o8-innovations-lab\/\" \/>\n<meta property=\"og:locale\" content=\"de_DE\" \/>\n<meta property=\"og:type\" content=\"article\" \/>\n<meta property=\"og:title\" content=\"Das o8 Lab - OVERW8 Digital Marketing Agentur in Deutschland\" \/>\n<meta property=\"og:description\" content=\"\\&quot;Mehr probieren. Schneller schlau werden.\\&quot; Wir testen neue Methoden und Tools, damit Sie es nicht m\u00fcssen.Wir haben immer ein Auge auf relevante neue Entwicklungen und testen neue Tools m\u00f6glichst rasch \u201eam eigenen Leib\u201c bzw. eigenen Projekten oder Testaufbauten. Dadurch k\u00f6nnen wir Ihnen Empfehlungen geben, von den wir nicht nur ahnen, sondern WISSEN, dass sie funktionieren und nicht nur h\u00fcbsch aussehen.\" \/>\n<meta property=\"og:url\" content=\"https:\/\/overw8.de\/de\/o8-innovations-lab\/\" \/>\n<meta property=\"og:site_name\" content=\"OVERW8 Digital Marketing Agentur in Deutschland\" \/>\n<meta property=\"article:publisher\" content=\"https:\/\/www.facebook.com\/overw8DigitalAgentur\/\" \/>\n<meta property=\"article:modified_time\" content=\"2020-03-09T09:45:20+00:00\" \/>\n<meta name=\"twitter:card\" content=\"summary_large_image\" \/>\n<meta name=\"twitter:site\" content=\"@o8_agency\" \/>\n<meta name=\"twitter:label1\" content=\"Gesch\u00e4tzte Lesezeit\" \/>\n\t<meta name=\"twitter:data1\" content=\"2\u00a0Minuten\" \/>\n<script type=\"application\/ld+json\" class=\"yoast-schema-graph\">{\"@context\":\"https:\\\/\\\/schema.org\",\"@graph\":[{\"@type\":\"WebPage\",\"@id\":\"https:\\\/\\\/overw8.de\\\/de\\\/o8-innovations-lab\\\/\",\"url\":\"https:\\\/\\\/overw8.de\\\/de\\\/o8-innovations-lab\\\/\",\"name\":\"Das o8 Lab - OVERW8 Digital Marketing Agentur in Deutschland\",\"isPartOf\":{\"@id\":\"https:\\\/\\\/overw8.de\\\/#website\"},\"datePublished\":\"2019-04-03T04:07:58+00:00\",\"dateModified\":\"2020-03-09T09:45:20+00:00\",\"description\":\"\\\\\\\\\\\\\\\"Mehr probieren. Schneller schlau werden.\\\\\\\\\\\\\\\" Wir testen neue Methoden und Tools, damit Sie es nicht m\u00fcssen.Wir haben immer ein Auge auf relevante neue Entwicklungen und testen neue Tools m\u00f6glichst rasch \u201eam eigenen Leib\u201c bzw. eigenen Projekten oder Testaufbauten. Dadurch k\u00f6nnen wir Ihnen Empfehlungen geben, von den wir nicht nur ahnen, sondern WISSEN, dass sie funktionieren und nicht nur h\u00fcbsch aussehen.\",\"breadcrumb\":{\"@id\":\"https:\\\/\\\/overw8.de\\\/de\\\/o8-innovations-lab\\\/#breadcrumb\"},\"inLanguage\":\"de\",\"potentialAction\":[{\"@type\":\"ReadAction\",\"target\":[\"https:\\\/\\\/overw8.de\\\/de\\\/o8-innovations-lab\\\/\"]}]},{\"@type\":\"BreadcrumbList\",\"@id\":\"https:\\\/\\\/overw8.de\\\/de\\\/o8-innovations-lab\\\/#breadcrumb\",\"itemListElement\":[{\"@type\":\"ListItem\",\"position\":1,\"name\":\"Home\",\"item\":\"https:\\\/\\\/overw8.de\\\/de\\\/overw8-die-digital-marketing-agentur-speziell-fur-unternehmer\\\/\"},{\"@type\":\"ListItem\",\"position\":2,\"name\":\"o8 Lab\"}]},{\"@type\":\"WebSite\",\"@id\":\"https:\\\/\\\/overw8.de\\\/#website\",\"url\":\"https:\\\/\\\/overw8.de\\\/\",\"name\":\"OVERW8 Digital Marketing Agentur in Deutschland\",\"description\":\"Die Digital Marketing Agentur speziell f\u00fcr Unternehmer\",\"publisher\":{\"@id\":\"https:\\\/\\\/overw8.de\\\/#organization\"},\"potentialAction\":[{\"@type\":\"SearchAction\",\"target\":{\"@type\":\"EntryPoint\",\"urlTemplate\":\"https:\\\/\\\/overw8.de\\\/?s={search_term_string}\"},\"query-input\":{\"@type\":\"PropertyValueSpecification\",\"valueRequired\":true,\"valueName\":\"search_term_string\"}}],\"inLanguage\":\"de\"},{\"@type\":\"Organization\",\"@id\":\"https:\\\/\\\/overw8.de\\\/#organization\",\"name\":\"OVERW8 Digital Agency\",\"url\":\"https:\\\/\\\/overw8.de\\\/\",\"logo\":{\"@type\":\"ImageObject\",\"inLanguage\":\"de\",\"@id\":\"https:\\\/\\\/overw8.de\\\/#\\\/schema\\\/logo\\\/image\\\/\",\"url\":\"https:\\\/\\\/overw8.de\\\/wp-content\\\/uploads\\\/2019\\\/03\\\/o8logo.png\",\"contentUrl\":\"https:\\\/\\\/overw8.de\\\/wp-content\\\/uploads\\\/2019\\\/03\\\/o8logo.png\",\"width\":204,\"height\":40,\"caption\":\"OVERW8 Digital Agency\"},\"image\":{\"@id\":\"https:\\\/\\\/overw8.de\\\/#\\\/schema\\\/logo\\\/image\\\/\"},\"sameAs\":[\"https:\\\/\\\/www.facebook.com\\\/overw8DigitalAgentur\\\/\",\"https:\\\/\\\/x.com\\\/o8_agency\",\"https:\\\/\\\/www.instagram.com\\\/o8_agency\\\/\",\"https:\\\/\\\/www.linkedin.com\\\/company\\\/overw8\\\/\"]}]}<\/script>\n<!-- \/ Yoast SEO plugin. -->","yoast_head_json":{"title":"Das o8 Lab - OVERW8 Digital Marketing Agentur in Deutschland","description":"\\\"Mehr probieren. Schneller schlau werden.\\\" Wir testen neue Methoden und Tools, damit Sie es nicht m\u00fcssen.Wir haben immer ein Auge auf relevante neue Entwicklungen und testen neue Tools m\u00f6glichst rasch \u201eam eigenen Leib\u201c bzw. eigenen Projekten oder Testaufbauten. Dadurch k\u00f6nnen wir Ihnen Empfehlungen geben, von den wir nicht nur ahnen, sondern WISSEN, dass sie funktionieren und nicht nur h\u00fcbsch aussehen.","robots":{"index":"index","follow":"follow","max-snippet":"max-snippet:-1","max-image-preview":"max-image-preview:large","max-video-preview":"max-video-preview:-1"},"canonical":"https:\/\/overw8.de\/de\/o8-innovations-lab\/","og_locale":"de_DE","og_type":"article","og_title":"Das o8 Lab - OVERW8 Digital Marketing Agentur in Deutschland","og_description":"\\\"Mehr probieren. Schneller schlau werden.\\\" Wir testen neue Methoden und Tools, damit Sie es nicht m\u00fcssen.Wir haben immer ein Auge auf relevante neue Entwicklungen und testen neue Tools m\u00f6glichst rasch \u201eam eigenen Leib\u201c bzw. eigenen Projekten oder Testaufbauten. Dadurch k\u00f6nnen wir Ihnen Empfehlungen geben, von den wir nicht nur ahnen, sondern WISSEN, dass sie funktionieren und nicht nur h\u00fcbsch aussehen.","og_url":"https:\/\/overw8.de\/de\/o8-innovations-lab\/","og_site_name":"OVERW8 Digital Marketing Agentur in Deutschland","article_publisher":"https:\/\/www.facebook.com\/overw8DigitalAgentur\/","article_modified_time":"2020-03-09T09:45:20+00:00","twitter_card":"summary_large_image","twitter_site":"@o8_agency","twitter_misc":{"Gesch\u00e4tzte Lesezeit":"2\u00a0Minuten"},"schema":{"@context":"https:\/\/schema.org","@graph":[{"@type":"WebPage","@id":"https:\/\/overw8.de\/de\/o8-innovations-lab\/","url":"https:\/\/overw8.de\/de\/o8-innovations-lab\/","name":"Das o8 Lab - OVERW8 Digital Marketing Agentur in Deutschland","isPartOf":{"@id":"https:\/\/overw8.de\/#website"},"datePublished":"2019-04-03T04:07:58+00:00","dateModified":"2020-03-09T09:45:20+00:00","description":"\\\\\\\"Mehr probieren. Schneller schlau werden.\\\\\\\" Wir testen neue Methoden und Tools, damit Sie es nicht m\u00fcssen.Wir haben immer ein Auge auf relevante neue Entwicklungen und testen neue Tools m\u00f6glichst rasch \u201eam eigenen Leib\u201c bzw. eigenen Projekten oder Testaufbauten. Dadurch k\u00f6nnen wir Ihnen Empfehlungen geben, von den wir nicht nur ahnen, sondern WISSEN, dass sie funktionieren und nicht nur h\u00fcbsch aussehen.","breadcrumb":{"@id":"https:\/\/overw8.de\/de\/o8-innovations-lab\/#breadcrumb"},"inLanguage":"de","potentialAction":[{"@type":"ReadAction","target":["https:\/\/overw8.de\/de\/o8-innovations-lab\/"]}]},{"@type":"BreadcrumbList","@id":"https:\/\/overw8.de\/de\/o8-innovations-lab\/#breadcrumb","itemListElement":[{"@type":"ListItem","position":1,"name":"Home","item":"https:\/\/overw8.de\/de\/overw8-die-digital-marketing-agentur-speziell-fur-unternehmer\/"},{"@type":"ListItem","position":2,"name":"o8 Lab"}]},{"@type":"WebSite","@id":"https:\/\/overw8.de\/#website","url":"https:\/\/overw8.de\/","name":"OVERW8 Digital Marketing Agentur in Deutschland","description":"Die Digital Marketing Agentur speziell f\u00fcr Unternehmer","publisher":{"@id":"https:\/\/overw8.de\/#organization"},"potentialAction":[{"@type":"SearchAction","target":{"@type":"EntryPoint","urlTemplate":"https:\/\/overw8.de\/?s={search_term_string}"},"query-input":{"@type":"PropertyValueSpecification","valueRequired":true,"valueName":"search_term_string"}}],"inLanguage":"de"},{"@type":"Organization","@id":"https:\/\/overw8.de\/#organization","name":"OVERW8 Digital Agency","url":"https:\/\/overw8.de\/","logo":{"@type":"ImageObject","inLanguage":"de","@id":"https:\/\/overw8.de\/#\/schema\/logo\/image\/","url":"https:\/\/overw8.de\/wp-content\/uploads\/2019\/03\/o8logo.png","contentUrl":"https:\/\/overw8.de\/wp-content\/uploads\/2019\/03\/o8logo.png","width":204,"height":40,"caption":"OVERW8 Digital Agency"},"image":{"@id":"https:\/\/overw8.de\/#\/schema\/logo\/image\/"},"sameAs":["https:\/\/www.facebook.com\/overw8DigitalAgentur\/","https:\/\/x.com\/o8_agency","https:\/\/www.instagram.com\/o8_agency\/","https:\/\/www.linkedin.com\/company\/overw8\/"]}]}},"_links":{"self":[{"href":"https:\/\/overw8.de\/de\/wp-json\/wp\/v2\/pages\/1467","targetHints":{"allow":["GET"]}}],"collection":[{"href":"https:\/\/overw8.de\/de\/wp-json\/wp\/v2\/pages"}],"about":[{"href":"https:\/\/overw8.de\/de\/wp-json\/wp\/v2\/types\/page"}],"author":[{"embeddable":true,"href":"https:\/\/overw8.de\/de\/wp-json\/wp\/v2\/users\/1"}],"replies":[{"embeddable":true,"href":"https:\/\/overw8.de\/de\/wp-json\/wp\/v2\/comments?post=1467"}],"version-history":[{"count":1,"href":"https:\/\/overw8.de\/de\/wp-json\/wp\/v2\/pages\/1467\/revisions"}],"predecessor-version":[{"id":5124,"href":"https:\/\/overw8.de\/de\/wp-json\/wp\/v2\/pages\/1467\/revisions\/5124"}],"wp:attachment":[{"href":"https:\/\/overw8.de\/de\/wp-json\/wp\/v2\/media?parent=1467"}],"wp:term":[{"taxonomy":"hashtags","embeddable":true,"href":"https:\/\/overw8.de\/de\/wp-json\/wp\/v2\/hashtags?post=1467"}],"curies":[{"name":"wp","href":"https:\/\/api.w.org\/{rel}","templated":true}]}}