{"id":1469,"date":"2019-04-03T06:07:59","date_gmt":"2019-04-03T04:07:59","guid":{"rendered":"https:\/\/overw8.de\/the-story\/"},"modified":"2023-04-25T18:08:42","modified_gmt":"2023-04-25T16:08:42","slug":"the-story","status":"publish","type":"page","link":"https:\/\/overw8.de\/de\/the-story\/","title":{"rendered":"Die Geschichte"},"content":{"rendered":"<div class=\"wpb-content-wrapper\">[vc_row thb_full_width=&#8220;true&#8220; full_height=&#8220;yes&#8220; content_placement=&#8220;middle&#8220; thb_divider_position=&#8220;bottom&#8220; css=&#8220;.vc_custom_1552582409387{padding-top: 10vh !important;background-image: url(https:\/\/overw8.de\/wp-content\/uploads\/2019\/03\/Papers-Background-light-1.jpg?id=587) !important;background-position: center !important;background-repeat: no-repeat !important;background-size: cover !important;}&#8220; el_class=&#8220;align-center&#8220;][vc_column el_class=&#8220;text-center&#8220; offset=&#8220;vc_col-lg-6 vc_col-md-8&#8243; css=&#8220;.vc_custom_1591282788035{padding-top: 15% !important;}&#8220;][vc_custom_heading text=&#8220;Die Story&#8220; font_container=&#8220;tag:h5|text_align:center|color:%23bf0000&#8243; google_fonts=&#8220;font_family:Playfair%20Display%3Aregular%2Citalic%2C700%2C700italic%2C900%2C900italic|font_style:700%20bold%20regular%3A700%3Anormal&#8220; el_class=&#8220;fakeheader1&#8243;][vc_custom_heading text=&#8220;o8 war nicht immer eine Digitalagentur.&#8220; font_container=&#8220;tag:p|text_align:center|color:%23000000&#8243; google_fonts=&#8220;font_family:Playfair%20Display%3Aregular%2Citalic%2C700%2C700italic%2C900%2C900italic|font_style:700%20bold%20italic%3A700%3Aitalic&#8220; el_class=&#8220;fakeheader2&#8243;][vc_column_text css=&#8220;.vc_custom_1682438517062{padding-right: 5% !important;padding-left: 5% !important;}&#8220;]<span style=\"font-weight: 400;\">Das Unternehmen wurde als \u201ckrysalis publishing\u201d und als solches als Erg\u00e4nzung zu krysalis consult (Kristin Reinbachs erstes Unternehmen) gegr\u00fcndet. Intention war es, digitale Medien (wie das in House entwickelte \u201cMagic Innovation Leadership\u201d) zu entwickeln und zu vertreiben. Innovative Projekte fanden hier ihren Platz: Online Plattformen, diverse E-Books, reichlich digitaler Content und Medien wurden entwickelt. Ein hohes Ma\u00df an digitaler Medienexpertise und im Bereich Markenaufbau bildete sich ganz nebenbei heraus.<\/span>[\/vc_column_text][vc_custom_heading text=&#8220;Die Marketingagentur, von der Unternehmer bislang tr\u00e4umten&#8220; font_container=&#8220;tag:p|text_align:center|color:%23000000&#8243; google_fonts=&#8220;font_family:Playfair%20Display%3Aregular%2Citalic%2C700%2C700italic%2C900%2C900italic|font_style:700%20bold%20italic%3A700%3Aitalic&#8220; el_class=&#8220;fakeheader2&#8243; css=&#8220;.vc_custom_1682438536212{padding-right: 5% !important;padding-left: 5% !important;}&#8220;][vc_column_text css=&#8220;.vc_custom_1682438590409{padding-right: 5% !important;padding-left: 5% !important;}&#8220;]<span style=\"font-weight: 400;\">Jahrelang hatte sich Kristin die Arbeit anderer Agenturen im Marketing- und Vertriebs-Consulting von der Seitenlinie angesehen. Ihr wurde bewusst, dass diese Beobachtungen der Grund waren, warum sie Marketingprojekte innerhalb des Unternehmens umsetzen lie\u00df: Deren Angebot passte nicht so richtig zu den Bed\u00fcrfnissen eines Unternehmers. <\/span><\/p>\n<p><span style=\"font-weight: 400;\">Zuviel fehlte einfach: Vertieftes Know-How in Marketing und Vertrieb, konzeptionelle und strategische Skills, wenigstens ein anst\u00e4ndiges Projektmanagement, Verl\u00e4sslichkeit in der Budgetierung, unabh\u00e4ngig bleiben zu k\u00f6nnen, eine unterst\u00fctzende Zusammenarbeit auf Teamlevel, transparente Beratung \u00fcber Entscheidungsoptionen. Nicht zuletzt entweder digitale oder offline Kompetenz.<\/span><\/p>\n<p><span style=\"font-weight: 400;\">In 2016 entschied Kristin also, einen mutigen Schritt nach vorn zu wagen und diese L\u00fccke endlich zu schlie\u00dfen. Die in den zwei Unternehmen vorhandenen Kompetenzen wurden wieder vereint. Ab sofort w\u00fcrde es diesen fairen, pragmatischen und gleichzeitig hochqualitativen Partner f\u00fcr Unternehmen und ihre marktseitigen Aufgaben geben. Name: OVERW8. OVERW8 w\u00fcrde die digitale Marketingagentur werden, die Unternehmen so kompetent und fair in ihren Pl\u00e4nen unterst\u00fctzte, wie Kristin es sich immer gew\u00fcnscht h\u00e4tte.<\/span>[\/vc_column_text][\/vc_column][\/vc_row][vc_row content_placement=&#8220;top&#8220; thb_divider_position=&#8220;bottom&#8220; css=&#8220;.vc_custom_1554292835961{padding-top: 60px !important;padding-bottom: 60px !important;}&#8220;][vc_column width=&#8220;1\/3&#8243;][vc_column_text css=&#8220;.vc_custom_1682438709859{padding-right: 5% !important;padding-left: 5% !important;}&#8220;]\n<h4><span style=\"color: #bf0000;\"><em>&#8222;Seit dieser Entscheidung haben wir das Gl\u00fcck gehabt, Tag f\u00fcr Tag, Woche f\u00fcr Woche gro\u00dfen Mehrwert beitragen zu k\u00f6nnen.<\/em><\/span><\/h4>\n[\/vc_column_text][\/vc_column][vc_column width=&#8220;1\/3&#8243;][vc_column_text css=&#8220;.vc_custom_1682438652981{padding-right: 5% !important;padding-left: 5% !important;}&#8220;]\n<h4><span style=\"color: #bf0000;\"><em>Die Ideen und Angebot unserer Kunden so sichtbar und effektiv wie m\u00f6glich im Markt aufzustellen, macht einfach gro\u00dfe Freude.<\/em><\/span><\/h4>\n[\/vc_column_text][\/vc_column][vc_column width=&#8220;1\/3&#8243;][vc_column_text css=&#8220;.vc_custom_1682438694749{padding-right: 5% !important;padding-left: 5% !important;}&#8220;]\n<h4><span style=\"color: #bf0000;\"><em>Wir sind jetzt sehr gut aufgestellt, um in Zukunft noch vielen weiteren Unternehmern und Unternehmerinnen dabei zu helfen, ihre Pl\u00e4ne zur Realit\u00e4t zu machen.\u201d<\/em><\/span><\/h4>\n<p>Kristin Reinbach, CEO OVERW8[\/vc_column_text][\/vc_column][\/vc_row][vc_row thb_divider_position=&#8220;bottom&#8220; el_class=&#8220;align-center center-quote&#8220; css=&#8220;.vc_custom_1553257818327{border-bottom-width: 10vh !important;}&#8220;][vc_column el_class=&#8220;text-center&#8220; offset=&#8220;vc_col-lg-7 vc_col-md-9&#8243; css=&#8220;.vc_custom_1553777571857{padding-bottom: 60px !important;}&#8220;][vc_column_text css=&#8220;.vc_custom_1682438766237{padding-right: 5% !important;padding-left: 5% !important;}&#8220;]\n<h2><b><i>Kein-Bullshit-nur-Ergebnisse-z\u00e4hlen: Ein Name. Eine Ansage.<\/i><\/b><\/h2>\n<p><span style=\"font-weight: 400;\">Der Name der Agentur \u201eOVERW8\u201c wurde aus der B\u00f6rsensprache abgeleitet. Nur eine Aktie, die das Potential hat, mit ihrem Unternehmenswert \u00fcberdurchschnittlich zu steigen, erh\u00e4lt das Label \u201eoverweight\u201d. In den USA werden bereits seit Jahren bei Aktienbewertungen Dimensionen wie Markenwert und Kundenwert einbezogen und helfen so vor allem innovative Gesch\u00e4ftsmodelle (s. Amazon) griffiger zu bewerten. Dieser Name ist also eine Art Reminder f\u00fcr Unternehmensinhaber mit gro\u00dfen Pl\u00e4nen.<\/span><\/p>\n<h4><\/h4>\n<p><span style=\"font-weight: 400;\">Das Angebot von OVERW8 umfasst daher alles Wesentliche, um Unternehmen zu helfen, hohen Kundenwert, Markenwert und letztlich Unternehmenswert aufzubauen.<\/span>[\/vc_column_text][\/vc_column][\/vc_row][vc_row thb_full_width=&#8220;true&#8220; thb_divider_position=&#8220;bottom&#8220; el_class=&#8220;align-center center-quote&#8220; css=&#8220;.vc_custom_1553777721477{padding-top: 20vh !important;padding-bottom: 20vh !important;background-image: url(https:\/\/overw8.de\/wp-content\/uploads\/2019\/03\/photo-mannequin-ROT.jpg?id=596) !important;background-position: center !important;background-repeat: no-repeat !important;background-size: cover !important;}&#8220;][vc_column el_class=&#8220;text-center&#8220; offset=&#8220;vc_col-lg-7 vc_col-md-9&#8243;][vc_column_text animation=&#8220;animation fade-in&#8220;]\n<h2 id=\"tw-target-text\" class=\"tw-data-text tw-ta tw-text-small\" dir=\"ltr\" style=\"text-align: center;\" data-placeholder=\"Translation\"><span lang=\"en\" tabindex=\"0\">\u201cWer gestresst ist, der macht was falsch,<br \/>\nDen am\u00fcsiert seine Arbeit nicht&#8230;\u201d<\/span><\/h2>\n<p style=\"text-align: center;\">Karl Lagerfeld<\/p>\n[\/vc_column_text]\t<a class=\"btn   accent animation scale  large\" href=\"https:\/\/overw8.de\/de\/ueber-uns-agentur\/\" target=\"_blank\" role=\"button\" title=\"Mehr \u00fcber o8 heute\"><span>Mehr \u00fcber o8 heute<\/span><\/a>\n\n\t[\/vc_column][\/vc_row]\n<\/div>","protected":false},"excerpt":{"rendered":"<p>[vc_row thb_full_width=&#8220;true&#8220; full_height=&#8220;yes&#8220; content_placement=&#8220;middle&#8220; thb_divider_position=&#8220;bottom&#8220; css=&#8220;.vc_custom_1552582409387{padding-top: 10vh !important;background-image: url(https:\/\/overw8.de\/wp-content\/uploads\/2019\/03\/Papers-Background-light-1.jpg?id=587) !important;background-position: center !important;background-repeat: no-repeat !important;background-size: cover !important;}&#8220; el_class=&#8220;align-center&#8220;][vc_column el_class=&#8220;text-center&#8220; offset=&#8220;vc_col-lg-6 vc_col-md-8&#8243; css=&#8220;.vc_custom_1591282788035{padding-top: 15% !important;}&#8220;][vc_custom_heading text=&#8220;Die Story&#8220; font_container=&#8220;tag:h5|text_align:center|color:%23bf0000&#8243; google_fonts=&#8220;font_family:Playfair%20Display%3Aregular%2Citalic%2C700%2C700italic%2C900%2C900italic|font_style:700%20bold%20regular%3A700%3Anormal&#8220; el_class=&#8220;fakeheader1&#8243;][vc_custom_heading text=&#8220;o8 war nicht immer eine Digitalagentur.&#8220; font_container=&#8220;tag:p|text_align:center|color:%23000000&#8243; google_fonts=&#8220;font_family:Playfair%20Display%3Aregular%2Citalic%2C700%2C700italic%2C900%2C900italic|font_style:700%20bold%20italic%3A700%3Aitalic&#8220; el_class=&#8220;fakeheader2&#8243;][vc_column_text css=&#8220;.vc_custom_1682438517062{padding-right: 5% !important;padding-left: 5% !important;}&#8220;]Das Unternehmen wurde als \u201ckrysalis publishing\u201d und als solches als Erg\u00e4nzung zu krysalis consult&hellip;<\/p>\n","protected":false},"author":1,"featured_media":0,"parent":0,"menu_order":0,"comment_status":"closed","ping_status":"closed","template":"","meta":{"_acf_changed":false,"_has_post_settings":[],"footnotes":""},"hashtags":[],"class_list":["post-1469","page","type-page","status-publish","hentry"],"acf":[],"nelio_content":{"autoShareEndMode":"never","automationSources":{"useCustomSentences":false,"customSentences":[]},"efiAlt":"","efiUrl":"","followers":[1],"highlights":[],"isAutoShareEnabled":false,"networkImageIds":[],"permalinkQueryArgs":[],"series":[],"suggestedReferences":[]},"yoast_head":"<!-- This site is optimized with the Yoast SEO plugin v27.3 - https:\/\/yoast.com\/product\/yoast-seo-wordpress\/ -->\n<title>Die Geschichte - OVERW8 Digital Marketing Agentur in Deutschland<\/title>\n<meta name=\"description\" content=\"Warum o8 nicht immer eine Digitalagentur war und warum CEO Kristin Reinbach 2016 beschloss, das Unternehmen in die Marketingagentur zu verwandeln, von der Unternehmer immer getr\u00e4umt haben.\" \/>\n<meta name=\"robots\" content=\"index, follow, max-snippet:-1, max-image-preview:large, max-video-preview:-1\" \/>\n<link rel=\"canonical\" href=\"https:\/\/overw8.de\/de\/the-story\/\" \/>\n<meta property=\"og:locale\" content=\"de_DE\" \/>\n<meta property=\"og:type\" content=\"article\" \/>\n<meta property=\"og:title\" content=\"Die Geschichte - OVERW8 Digital Marketing Agentur in Deutschland\" \/>\n<meta property=\"og:description\" content=\"Warum o8 nicht immer eine Digitalagentur war und warum CEO Kristin Reinbach 2016 beschloss, das Unternehmen in die Marketingagentur zu verwandeln, von der Unternehmer immer getr\u00e4umt haben.\" \/>\n<meta property=\"og:url\" content=\"https:\/\/overw8.de\/de\/the-story\/\" \/>\n<meta property=\"og:site_name\" content=\"OVERW8 Digital Marketing Agentur in Deutschland\" \/>\n<meta property=\"article:publisher\" content=\"https:\/\/www.facebook.com\/overw8DigitalAgentur\/\" \/>\n<meta property=\"article:modified_time\" content=\"2023-04-25T16:08:42+00:00\" \/>\n<meta name=\"twitter:card\" content=\"summary_large_image\" \/>\n<meta name=\"twitter:site\" content=\"@o8_agency\" \/>\n<meta name=\"twitter:label1\" content=\"Gesch\u00e4tzte Lesezeit\" \/>\n\t<meta name=\"twitter:data1\" content=\"4\u00a0Minuten\" \/>\n<script type=\"application\/ld+json\" class=\"yoast-schema-graph\">{\"@context\":\"https:\\\/\\\/schema.org\",\"@graph\":[{\"@type\":\"WebPage\",\"@id\":\"https:\\\/\\\/overw8.de\\\/de\\\/the-story\\\/\",\"url\":\"https:\\\/\\\/overw8.de\\\/de\\\/the-story\\\/\",\"name\":\"Die Geschichte - OVERW8 Digital Marketing Agentur in Deutschland\",\"isPartOf\":{\"@id\":\"https:\\\/\\\/overw8.de\\\/#website\"},\"datePublished\":\"2019-04-03T04:07:59+00:00\",\"dateModified\":\"2023-04-25T16:08:42+00:00\",\"description\":\"Warum o8 nicht immer eine Digitalagentur war und warum CEO Kristin Reinbach 2016 beschloss, das Unternehmen in die Marketingagentur zu verwandeln, von der Unternehmer immer getr\u00e4umt haben.\",\"breadcrumb\":{\"@id\":\"https:\\\/\\\/overw8.de\\\/de\\\/the-story\\\/#breadcrumb\"},\"inLanguage\":\"de\",\"potentialAction\":[{\"@type\":\"ReadAction\",\"target\":[\"https:\\\/\\\/overw8.de\\\/de\\\/the-story\\\/\"]}]},{\"@type\":\"BreadcrumbList\",\"@id\":\"https:\\\/\\\/overw8.de\\\/de\\\/the-story\\\/#breadcrumb\",\"itemListElement\":[{\"@type\":\"ListItem\",\"position\":1,\"name\":\"Home\",\"item\":\"https:\\\/\\\/overw8.de\\\/de\\\/overw8-die-digital-marketing-agentur-speziell-fur-unternehmer\\\/\"},{\"@type\":\"ListItem\",\"position\":2,\"name\":\"Die Geschichte\"}]},{\"@type\":\"WebSite\",\"@id\":\"https:\\\/\\\/overw8.de\\\/#website\",\"url\":\"https:\\\/\\\/overw8.de\\\/\",\"name\":\"OVERW8 Digital Marketing Agentur in Deutschland\",\"description\":\"Die Digital Marketing Agentur speziell f\u00fcr Unternehmer\",\"publisher\":{\"@id\":\"https:\\\/\\\/overw8.de\\\/#organization\"},\"potentialAction\":[{\"@type\":\"SearchAction\",\"target\":{\"@type\":\"EntryPoint\",\"urlTemplate\":\"https:\\\/\\\/overw8.de\\\/?s={search_term_string}\"},\"query-input\":{\"@type\":\"PropertyValueSpecification\",\"valueRequired\":true,\"valueName\":\"search_term_string\"}}],\"inLanguage\":\"de\"},{\"@type\":\"Organization\",\"@id\":\"https:\\\/\\\/overw8.de\\\/#organization\",\"name\":\"OVERW8 Digital Agency\",\"url\":\"https:\\\/\\\/overw8.de\\\/\",\"logo\":{\"@type\":\"ImageObject\",\"inLanguage\":\"de\",\"@id\":\"https:\\\/\\\/overw8.de\\\/#\\\/schema\\\/logo\\\/image\\\/\",\"url\":\"https:\\\/\\\/overw8.de\\\/wp-content\\\/uploads\\\/2019\\\/03\\\/o8logo.png\",\"contentUrl\":\"https:\\\/\\\/overw8.de\\\/wp-content\\\/uploads\\\/2019\\\/03\\\/o8logo.png\",\"width\":204,\"height\":40,\"caption\":\"OVERW8 Digital Agency\"},\"image\":{\"@id\":\"https:\\\/\\\/overw8.de\\\/#\\\/schema\\\/logo\\\/image\\\/\"},\"sameAs\":[\"https:\\\/\\\/www.facebook.com\\\/overw8DigitalAgentur\\\/\",\"https:\\\/\\\/x.com\\\/o8_agency\",\"https:\\\/\\\/www.instagram.com\\\/o8_agency\\\/\",\"https:\\\/\\\/www.linkedin.com\\\/company\\\/overw8\\\/\"]}]}<\/script>\n<!-- \/ Yoast SEO plugin. -->","yoast_head_json":{"title":"Die Geschichte - OVERW8 Digital Marketing Agentur in Deutschland","description":"Warum o8 nicht immer eine Digitalagentur war und warum CEO Kristin Reinbach 2016 beschloss, das Unternehmen in die Marketingagentur zu verwandeln, von der Unternehmer immer getr\u00e4umt haben.","robots":{"index":"index","follow":"follow","max-snippet":"max-snippet:-1","max-image-preview":"max-image-preview:large","max-video-preview":"max-video-preview:-1"},"canonical":"https:\/\/overw8.de\/de\/the-story\/","og_locale":"de_DE","og_type":"article","og_title":"Die Geschichte - OVERW8 Digital Marketing Agentur in Deutschland","og_description":"Warum o8 nicht immer eine Digitalagentur war und warum CEO Kristin Reinbach 2016 beschloss, das Unternehmen in die Marketingagentur zu verwandeln, von der Unternehmer immer getr\u00e4umt haben.","og_url":"https:\/\/overw8.de\/de\/the-story\/","og_site_name":"OVERW8 Digital Marketing Agentur in Deutschland","article_publisher":"https:\/\/www.facebook.com\/overw8DigitalAgentur\/","article_modified_time":"2023-04-25T16:08:42+00:00","twitter_card":"summary_large_image","twitter_site":"@o8_agency","twitter_misc":{"Gesch\u00e4tzte Lesezeit":"4\u00a0Minuten"},"schema":{"@context":"https:\/\/schema.org","@graph":[{"@type":"WebPage","@id":"https:\/\/overw8.de\/de\/the-story\/","url":"https:\/\/overw8.de\/de\/the-story\/","name":"Die Geschichte - OVERW8 Digital Marketing Agentur in Deutschland","isPartOf":{"@id":"https:\/\/overw8.de\/#website"},"datePublished":"2019-04-03T04:07:59+00:00","dateModified":"2023-04-25T16:08:42+00:00","description":"Warum o8 nicht immer eine Digitalagentur war und warum CEO Kristin Reinbach 2016 beschloss, das Unternehmen in die Marketingagentur zu verwandeln, von der Unternehmer immer getr\u00e4umt haben.","breadcrumb":{"@id":"https:\/\/overw8.de\/de\/the-story\/#breadcrumb"},"inLanguage":"de","potentialAction":[{"@type":"ReadAction","target":["https:\/\/overw8.de\/de\/the-story\/"]}]},{"@type":"BreadcrumbList","@id":"https:\/\/overw8.de\/de\/the-story\/#breadcrumb","itemListElement":[{"@type":"ListItem","position":1,"name":"Home","item":"https:\/\/overw8.de\/de\/overw8-die-digital-marketing-agentur-speziell-fur-unternehmer\/"},{"@type":"ListItem","position":2,"name":"Die Geschichte"}]},{"@type":"WebSite","@id":"https:\/\/overw8.de\/#website","url":"https:\/\/overw8.de\/","name":"OVERW8 Digital Marketing Agentur in Deutschland","description":"Die Digital Marketing Agentur speziell f\u00fcr Unternehmer","publisher":{"@id":"https:\/\/overw8.de\/#organization"},"potentialAction":[{"@type":"SearchAction","target":{"@type":"EntryPoint","urlTemplate":"https:\/\/overw8.de\/?s={search_term_string}"},"query-input":{"@type":"PropertyValueSpecification","valueRequired":true,"valueName":"search_term_string"}}],"inLanguage":"de"},{"@type":"Organization","@id":"https:\/\/overw8.de\/#organization","name":"OVERW8 Digital Agency","url":"https:\/\/overw8.de\/","logo":{"@type":"ImageObject","inLanguage":"de","@id":"https:\/\/overw8.de\/#\/schema\/logo\/image\/","url":"https:\/\/overw8.de\/wp-content\/uploads\/2019\/03\/o8logo.png","contentUrl":"https:\/\/overw8.de\/wp-content\/uploads\/2019\/03\/o8logo.png","width":204,"height":40,"caption":"OVERW8 Digital Agency"},"image":{"@id":"https:\/\/overw8.de\/#\/schema\/logo\/image\/"},"sameAs":["https:\/\/www.facebook.com\/overw8DigitalAgentur\/","https:\/\/x.com\/o8_agency","https:\/\/www.instagram.com\/o8_agency\/","https:\/\/www.linkedin.com\/company\/overw8\/"]}]}},"_links":{"self":[{"href":"https:\/\/overw8.de\/de\/wp-json\/wp\/v2\/pages\/1469","targetHints":{"allow":["GET"]}}],"collection":[{"href":"https:\/\/overw8.de\/de\/wp-json\/wp\/v2\/pages"}],"about":[{"href":"https:\/\/overw8.de\/de\/wp-json\/wp\/v2\/types\/page"}],"author":[{"embeddable":true,"href":"https:\/\/overw8.de\/de\/wp-json\/wp\/v2\/users\/1"}],"replies":[{"embeddable":true,"href":"https:\/\/overw8.de\/de\/wp-json\/wp\/v2\/comments?post=1469"}],"version-history":[{"count":1,"href":"https:\/\/overw8.de\/de\/wp-json\/wp\/v2\/pages\/1469\/revisions"}],"predecessor-version":[{"id":20678,"href":"https:\/\/overw8.de\/de\/wp-json\/wp\/v2\/pages\/1469\/revisions\/20678"}],"wp:attachment":[{"href":"https:\/\/overw8.de\/de\/wp-json\/wp\/v2\/media?parent=1469"}],"wp:term":[{"taxonomy":"hashtags","embeddable":true,"href":"https:\/\/overw8.de\/de\/wp-json\/wp\/v2\/hashtags?post=1469"}],"curies":[{"name":"wp","href":"https:\/\/api.w.org\/{rel}","templated":true}]}}