{"id":1479,"date":"2019-04-03T06:08:00","date_gmt":"2019-04-03T04:08:00","guid":{"rendered":"https:\/\/overw8.de\/contact-us\/"},"modified":"2021-04-07T11:44:13","modified_gmt":"2021-04-07T09:44:13","slug":"kontakt","status":"publish","type":"page","link":"https:\/\/overw8.de\/de\/kontakt\/","title":{"rendered":"Kontaktieren Sie uns"},"content":{"rendered":"<div class=\"wpb-content-wrapper\">[vc_row thb_full_width=&#8220;true&#8220; thb_color=&#8220;light-title&#8220; parallax=&#8220;content-moving&#8220; thb_divider_position=&#8220;bottom&#8220; css=&#8220;.vc_custom_1552656594394{padding-top: 200px !important;padding-bottom: 200px !important;background-image: url(https:\/\/overw8.de\/wp-content\/uploads\/2019\/03\/business-team-working-in-an-office-booth-close-up-PZSR6B5-2-copy.jpg?id=618) !important;}&#8220; bg_gradient1=&#8220;rgba(0,0,0,0.39)&#8220; bg_gradient2=&#8220;rgba(0,0,0,0.1)&#8220;][vc_column][\/vc_column][\/vc_row][vc_row thb_divider_position=&#8220;bottom&#8220; el_class=&#8220;align-center&#8220;][vc_column offset=&#8220;vc_col-lg-10 vc_col-md-12 vc_col-xs-12&#8243;][vc_row_inner el_class=&#8220;.reverse-cols&#8220; css=&#8220;.vc_custom_1617788602871{margin-right: 5% !important;margin-left: 5% !important;}&#8220;][vc_column_inner width=&#8220;1\/4&#8243; offset=&#8220;vc_col-lg-3 vc_col-md-10 vc_col-xs-12&#8243; css=&#8220;.vc_custom_1590135435257{padding-top: 30% !important;padding-bottom: 5% !important;}&#8220;][vc_column_text]<strong>Hauptstandort<\/strong><\/p>\n<div class=\"contact-address\">\n<p style=\"font-size: 14px;\"><i class=\"fa fa-home\"><\/i>\u00a0Prinz-Karl-Str. 47 \/ 82319 Starnberg<\/p>\n<\/div>\n<div class=\"contact-phone\">\n<p style=\"font-size: 14px;\"><i class=\"fa fa-phone\"><\/i>\u00a0+0049 8151 40 59 184<\/p>\n<p>&nbsp;<\/p><\/div>\n[\/vc_column_text][vc_column_text css=&#8220;.vc_custom_1617788391129{border-bottom-width: 2px !important;padding-bottom: 30px !important;border-bottom-color: #f4f4f4 !important;border-bottom-style: solid !important;}&#8220;]<strong>Jobs \/ Leverage Team<\/strong><\/p>\n<p style=\"font-size: 14px;\">Wir sind immer offen f\u00fcr interessante Profile in den \u00fcblichen Gewerken. Schick gern eine Mail an:<\/p>\n<p style=\"font-size: 14px;\"><i class=\"fa fa-envelope\"><\/i> <a href=\"mailto:leverage@overw8.de\">leverage@overw8.de<\/a><\/p>\n[\/vc_column_text][vc_column_text]<strong>Hallo sagen<\/strong><\/p>\n<p style=\"font-size: 14px;\">Oder doch einfach eine Mail? Auch gut! Am besten hier hin schicken:<\/p>\n<div class=\"contact-email\">\n<p style=\"font-size: 14px;\"><i class=\"fa fa-envelope\"><\/i> <a href=\"mailto:kontakt@overw8.de\">kontakt@overw8.de<\/a><\/p>\n<\/div>\n<div id=\"gtx-trans\" style=\"position: absolute; left: 110px; top: 65px;\">\n<div class=\"gtx-trans-icon\"><\/div>\n<\/div>\n[\/vc_column_text][vc_column_text]<img fetchpriority=\"high\" decoding=\"async\" class=\"aligncenter wp-image-1240\" src=\"https:\/\/overw8.de\/wp-content\/uploads\/2019\/03\/o8cat-web.gif\" alt=\"\" width=\"255\" height=\"324\" \/>[\/vc_column_text][\/vc_column_inner][vc_column_inner width=&#8220;3\/4&#8243; css=&#8220;.vc_custom_1591364389375{padding-top: 10% !important;padding-bottom: 5% !important;padding-left: 2% !important;}&#8220; offset=&#8220;vc_col-lg-9 vc_col-md-10 vc_col-xs-10&#8243;][vc_custom_heading text=&#8220;Wie k\u00f6nnen wir Ihnen und Ihrem Business heute helfen?&#8220; font_container=&#8220;tag:h2|text_align:center&#8220; use_theme_fonts=&#8220;yes&#8220;][vc_separator color=&#8220;custom&#8220; border_width=&#8220;2&#8243; el_width=&#8220;20&#8243; accent_color=&#8220;#bf0000&#8243; css=&#8220;.vc_custom_1617788432685{margin-top: 5% !important;margin-bottom: 5% !important;}&#8220;]\n<div class=\"wpcf7 no-js\" id=\"wpcf7-f1543-o1\" lang=\"en-US\" dir=\"ltr\" data-wpcf7-id=\"1543\">\n<div class=\"screen-reader-response\"><p role=\"status\" aria-live=\"polite\" aria-atomic=\"true\"><\/p> <ul><\/ul><\/div>\n<form action=\"\/de\/wp-json\/wp\/v2\/pages\/1479#wpcf7-f1543-o1\" method=\"post\" class=\"wpcf7-form init\" aria-label=\"Contact form\" novalidate=\"novalidate\" data-status=\"init\">\n<fieldset class=\"hidden-fields-container\"><input type=\"hidden\" name=\"_wpcf7\" value=\"1543\" \/><input type=\"hidden\" name=\"_wpcf7_version\" value=\"6.1.5\" \/><input type=\"hidden\" name=\"_wpcf7_locale\" value=\"en_US\" \/><input type=\"hidden\" name=\"_wpcf7_unit_tag\" value=\"wpcf7-f1543-o1\" \/><input type=\"hidden\" name=\"_wpcf7_container_post\" value=\"0\" \/><input type=\"hidden\" name=\"_wpcf7_posted_data_hash\" value=\"\" \/><input type=\"hidden\" name=\"_wpcf7_recaptcha_response\" value=\"\" \/>\n<\/fieldset>\n<div class=\"row\">\n\t<div class=\"small-12 large-6 columns\">\n\t\t<p><label>Ihr Name<\/label><span class=\"wpcf7-form-control-wrap\" data-name=\"your-firstname\"><input size=\"40\" maxlength=\"400\" class=\"wpcf7-form-control wpcf7-text wpcf7-validates-as-required full\" aria-required=\"true\" aria-invalid=\"false\" value=\"\" type=\"text\" name=\"your-firstname\" \/><\/span>\n\t\t<\/p>\n\t<\/div>\n\t<div class=\"small-12 large-6 columns\">\n\t\t<p><label>Ihre E-Mail<\/label><span class=\"wpcf7-form-control-wrap\" data-name=\"email\"><input size=\"40\" maxlength=\"400\" class=\"wpcf7-form-control wpcf7-email wpcf7-validates-as-required wpcf7-text wpcf7-validates-as-email full\" aria-required=\"true\" aria-invalid=\"false\" value=\"\" type=\"email\" name=\"email\" \/><\/span>\n\t\t<\/p>\n\t<\/div>\n\t<p>Nat\u00fcrlich m\u00fcssen Sie uns diese Informationen noch nicht geben. Wenn Sie es doch schon tun, wird es f\u00fcr den ersten Austausch sehr hilfreich sein und den Input f\u00fcr Sie fokussierter machen. Logischerweise wird alles vertraulich behandelt.\n\t<\/p>\n\t<div class=\"small-12 columns\">\n\t\t<p><label>Phasen*:<\/label><br \/>\n<span class=\"wpcf7-form-control-wrap\" data-name=\"phase\"><span class=\"wpcf7-form-control wpcf7-checkbox\"><span class=\"wpcf7-list-item first\"><label><input type=\"checkbox\" name=\"phase[]\" value=\"Vor Go2Market\" \/><span class=\"wpcf7-list-item-label\">Vor Go2Market<\/span><\/label><\/span><span class=\"wpcf7-list-item\"><label><input type=\"checkbox\" name=\"phase[]\" value=\"Vor Proof of Concept\" \/><span class=\"wpcf7-list-item-label\">Vor Proof of Concept<\/span><\/label><\/span><span class=\"wpcf7-list-item\"><label><input type=\"checkbox\" name=\"phase[]\" value=\"Vor Break Even\" \/><span class=\"wpcf7-list-item-label\">Vor Break Even<\/span><\/label><\/span><span class=\"wpcf7-list-item last\"><label><input type=\"checkbox\" name=\"phase[]\" value=\"After Break Even\" \/><span class=\"wpcf7-list-item-label\">After Break Even<\/span><\/label><\/span><\/span><\/span>\n\t\t<\/p>\n\t\t<p>Stehen Positionierung und Marke bereits?\n\t\t<\/p>\n\t\t<p><span class=\"wpcf7-form-control-wrap\" data-name=\"branding\"><span class=\"wpcf7-form-control wpcf7-checkbox\"><span class=\"wpcf7-list-item first\"><label><input type=\"checkbox\" name=\"branding[]\" value=\"Ja\" \/><span class=\"wpcf7-list-item-label\">Ja<\/span><\/label><\/span><span class=\"wpcf7-list-item last\"><label><input type=\"checkbox\" name=\"branding[]\" value=\"Nein\" \/><span class=\"wpcf7-list-item-label\">Nein<\/span><\/label><\/span><\/span><\/span>\n\t\t<\/p>\n\t\t<p>*Vor Go2Market: Im Kopf ist alles quasi fertig. Fehlen nur noch die Details. Und ein Produkt \/ Angebot auf dem Markt. \/ Vor Proof of Concept: Reichtum bricht eine Weile lang noch nicht aus, erste Ergebnisse aus dem Markt zeigen aber, dass er m\u00f6glich ist - fr\u00fcher oder sp\u00e4ter. \/ Vor Break Even: Bestellungen und Geld kommen rein, die Kundschaft nimmt zu, man nimmt Fahrt auf\u2026 \u201cnur\u201d das Betriebsergebnis muss noch von rot auf schwarz wechseln. \/ Nach Break Even: Jetzt atmet sich\u2019s deutlich leichter - ein paar Profite w\u00e4ren h\u00fcbsch.\n\t\t<\/p>\n\t<\/div>\n\t<div class=\"small-12 columns\">\n\t\t<p><label>Finanzierung<\/label><br \/>\n<span class=\"wpcf7-form-control-wrap\" data-name=\"finance\"><span class=\"wpcf7-form-control wpcf7-checkbox\"><span class=\"wpcf7-list-item first\"><label><input type=\"checkbox\" name=\"finance[]\" value=\"derzeit gekl\u00e4rt\" \/><span class=\"wpcf7-list-item-label\">derzeit gekl\u00e4rt<\/span><\/label><\/span><span class=\"wpcf7-list-item last\"><label><input type=\"checkbox\" name=\"finance[]\" value=\"derzeit zu finden\" \/><span class=\"wpcf7-list-item-label\">derzeit zu finden<\/span><\/label><\/span><\/span><\/span><br \/>\n<span class=\"wpcf7-form-control-wrap\" data-name=\"round\"><span class=\"wpcf7-form-control wpcf7-checkbox\"><span class=\"wpcf7-list-item first\"><label><input type=\"checkbox\" name=\"round[]\" value=\"1. Runde \/ Seed\" \/><span class=\"wpcf7-list-item-label\">1. Runde \/ Seed<\/span><\/label><\/span><span class=\"wpcf7-list-item\"><label><input type=\"checkbox\" name=\"round[]\" value=\"2. Runde \/ Wachstum\" \/><span class=\"wpcf7-list-item-label\">2. Runde \/ Wachstum<\/span><\/label><\/span><span class=\"wpcf7-list-item last\"><label><input type=\"checkbox\" name=\"round[]\" value=\"3. oder sp\u00e4ter\" \/><span class=\"wpcf7-list-item-label\">3. oder sp\u00e4ter<\/span><\/label><\/span><\/span><\/span>\n\t\t<\/p>\n\t<\/div>\n\t<div class=\"small-12 columns\">\n\t\t<p><label>Ihre Nachricht<\/label><span class=\"wpcf7-form-control-wrap\" data-name=\"your-message\"><textarea cols=\"40\" rows=\"10\" maxlength=\"2000\" class=\"wpcf7-form-control wpcf7-textarea full\" aria-invalid=\"false\" name=\"your-message\"><\/textarea><\/span>\n\t\t<\/p>\n\t<\/div>\n<\/div>\n<div class=\"row\">\n\t<div class=\"small-12 columns\">\n\t\t<p><span class=\"wpcf7-form-control-wrap\" data-name=\"store\"><span class=\"wpcf7-form-control wpcf7-acceptance\"><span class=\"wpcf7-list-item\"><label><input type=\"checkbox\" name=\"store\" value=\"1\" aria-invalid=\"false\" \/><span class=\"wpcf7-list-item-label\">Ich habe die <a href=\"https:\/\/overw8.de\/privacy-policy\/\" target=\"_blank\">Datenschutzerkl\u00e4rung<\/a> gelesen und stimme ihr zu.<\/span><\/label><\/span><\/span><\/span>\n\t\t<\/p>\n\t<\/div>\n<\/div>\n<div class=\"row\">\n\t<div class=\"small-12 columns\">\n\t\t<p><input class=\"wpcf7-form-control wpcf7-submit has-spinner btn\" type=\"submit\" value=\"Jetzt senden\" \/>\n\t\t<\/p>\n\t<\/div>\n<\/div><p style=\"display: none !important;\" class=\"akismet-fields-container\" data-prefix=\"_wpcf7_ak_\"><label>&#916;<textarea name=\"_wpcf7_ak_hp_textarea\" cols=\"45\" rows=\"8\" maxlength=\"100\"><\/textarea><\/label><input type=\"hidden\" id=\"ak_js_1\" name=\"_wpcf7_ak_js\" value=\"157\"\/><script>document.getElementById( \"ak_js_1\" ).setAttribute( \"value\", ( new Date() ).getTime() );<\/script><\/p><div class=\"wpcf7-response-output\" aria-hidden=\"true\"><\/div>\n<\/form>\n<\/div>\n[\/vc_column_inner][\/vc_row_inner][\/vc_column][\/vc_row]\n<\/div>","protected":false},"excerpt":{"rendered":"<p>[vc_row thb_full_width=&#8220;true&#8220; thb_color=&#8220;light-title&#8220; parallax=&#8220;content-moving&#8220; thb_divider_position=&#8220;bottom&#8220; css=&#8220;.vc_custom_1552656594394{padding-top: 200px !important;padding-bottom: 200px !important;background-image: url(https:\/\/overw8.de\/wp-content\/uploads\/2019\/03\/business-team-working-in-an-office-booth-close-up-PZSR6B5-2-copy.jpg?id=618) !important;}&#8220; bg_gradient1=&#8220;rgba(0,0,0,0.39)&#8220; bg_gradient2=&#8220;rgba(0,0,0,0.1)&#8220;][vc_column][\/vc_column][\/vc_row][vc_row thb_divider_position=&#8220;bottom&#8220; el_class=&#8220;align-center&#8220;][vc_column offset=&#8220;vc_col-lg-10 vc_col-md-12 vc_col-xs-12&#8243;][vc_row_inner el_class=&#8220;.reverse-cols&#8220; css=&#8220;.vc_custom_1617788602871{margin-right: 5% !important;margin-left: 5% !important;}&#8220;][vc_column_inner width=&#8220;1\/4&#8243; offset=&#8220;vc_col-lg-3 vc_col-md-10 vc_col-xs-12&#8243; css=&#8220;.vc_custom_1590135435257{padding-top: 30% !important;padding-bottom: 5% !important;}&#8220;][vc_column_text]Hauptstandort \u00a0Prinz-Karl-Str. 47 \/ 82319 Starnberg \u00a0+0049 8151 40 59 184 &nbsp; [\/vc_column_text][vc_column_text css=&#8220;.vc_custom_1617788391129{border-bottom-width: 2px !important;padding-bottom: 30px !important;border-bottom-color: #f4f4f4 !important;border-bottom-style: solid !important;}&#8220;]Jobs&hellip;<\/p>\n","protected":false},"author":1,"featured_media":-1479,"parent":0,"menu_order":0,"comment_status":"closed","ping_status":"closed","template":"","meta":{"_acf_changed":false,"_has_post_settings":[],"footnotes":""},"hashtags":[],"class_list":["post-1479","page","type-page","status-publish","has-post-thumbnail","hentry"],"acf":[],"nelio_content":{"autoShareEndMode":"never","automationSources":{"useCustomSentences":false,"customSentences":[]},"efiAlt":"","efiUrl":"","followers":[6,1],"highlights":[],"isAutoShareEnabled":false,"networkImageIds":[],"permalinkQueryArgs":[],"series":[],"suggestedReferences":[]},"yoast_head":"<!-- This site is optimized with the Yoast SEO plugin v27.3 - https:\/\/yoast.com\/product\/yoast-seo-wordpress\/ -->\n<title>Kontaktieren Sie uns - OVERW8 Digital Marketing Agentur in Deutschland<\/title>\n<meta name=\"description\" content=\"Hier finden Sie alle M\u00f6glichkeiten, uns zu kontaktieren. Oder auch einfach die Postadresse. :)\" \/>\n<meta name=\"robots\" content=\"index, follow, max-snippet:-1, max-image-preview:large, max-video-preview:-1\" \/>\n<link rel=\"canonical\" href=\"https:\/\/overw8.de\/de\/kontakt\/\" \/>\n<meta property=\"og:locale\" content=\"de_DE\" \/>\n<meta property=\"og:type\" content=\"article\" \/>\n<meta property=\"og:title\" content=\"Kontaktieren Sie uns - OVERW8 Digital Marketing Agentur in Deutschland\" \/>\n<meta property=\"og:description\" content=\"Hier finden Sie alle M\u00f6glichkeiten, uns zu kontaktieren. Oder auch einfach die Postadresse. :)\" \/>\n<meta property=\"og:url\" content=\"https:\/\/overw8.de\/de\/kontakt\/\" \/>\n<meta property=\"og:site_name\" content=\"OVERW8 Digital Marketing Agentur in Deutschland\" \/>\n<meta property=\"article:publisher\" content=\"https:\/\/www.facebook.com\/overw8DigitalAgentur\/\" \/>\n<meta property=\"article:modified_time\" content=\"2021-04-07T09:44:13+00:00\" \/>\n<meta name=\"twitter:card\" content=\"summary_large_image\" \/>\n<meta name=\"twitter:site\" content=\"@o8_agency\" \/>\n<meta name=\"twitter:label1\" content=\"Gesch\u00e4tzte Lesezeit\" \/>\n\t<meta name=\"twitter:data1\" content=\"1\u00a0Minute\" \/>\n<script type=\"application\/ld+json\" class=\"yoast-schema-graph\">{\"@context\":\"https:\\\/\\\/schema.org\",\"@graph\":[{\"@type\":\"WebPage\",\"@id\":\"https:\\\/\\\/overw8.de\\\/de\\\/kontakt\\\/\",\"url\":\"https:\\\/\\\/overw8.de\\\/de\\\/kontakt\\\/\",\"name\":\"Kontaktieren Sie uns - OVERW8 Digital Marketing Agentur in Deutschland\",\"isPartOf\":{\"@id\":\"https:\\\/\\\/overw8.de\\\/#website\"},\"primaryImageOfPage\":{\"@id\":\"https:\\\/\\\/overw8.de\\\/de\\\/kontakt\\\/#primaryimage\"},\"image\":{\"@id\":\"https:\\\/\\\/overw8.de\\\/de\\\/kontakt\\\/#primaryimage\"},\"thumbnailUrl\":\"https:\\\/\\\/overw8.de\\\/wp-content\\\/uploads\\\/2019\\\/03\\\/o8cat-web.gif\",\"datePublished\":\"2019-04-03T04:08:00+00:00\",\"dateModified\":\"2021-04-07T09:44:13+00:00\",\"description\":\"Hier finden Sie alle M\u00f6glichkeiten, uns zu kontaktieren. Oder auch einfach die Postadresse. :)\",\"breadcrumb\":{\"@id\":\"https:\\\/\\\/overw8.de\\\/de\\\/kontakt\\\/#breadcrumb\"},\"inLanguage\":\"de\",\"potentialAction\":[{\"@type\":\"ReadAction\",\"target\":[\"https:\\\/\\\/overw8.de\\\/de\\\/kontakt\\\/\"]}]},{\"@type\":\"ImageObject\",\"inLanguage\":\"de\",\"@id\":\"https:\\\/\\\/overw8.de\\\/de\\\/kontakt\\\/#primaryimage\",\"url\":\"https:\\\/\\\/overw8.de\\\/wp-content\\\/uploads\\\/2019\\\/03\\\/o8cat-web.gif\",\"contentUrl\":\"https:\\\/\\\/overw8.de\\\/wp-content\\\/uploads\\\/2019\\\/03\\\/o8cat-web.gif\"},{\"@type\":\"BreadcrumbList\",\"@id\":\"https:\\\/\\\/overw8.de\\\/de\\\/kontakt\\\/#breadcrumb\",\"itemListElement\":[{\"@type\":\"ListItem\",\"position\":1,\"name\":\"Home\",\"item\":\"https:\\\/\\\/overw8.de\\\/de\\\/overw8-die-digital-marketing-agentur-speziell-fur-unternehmer\\\/\"},{\"@type\":\"ListItem\",\"position\":2,\"name\":\"Kontaktieren Sie uns\"}]},{\"@type\":\"WebSite\",\"@id\":\"https:\\\/\\\/overw8.de\\\/#website\",\"url\":\"https:\\\/\\\/overw8.de\\\/\",\"name\":\"OVERW8 Digital Marketing Agentur in Deutschland\",\"description\":\"Die Digital Marketing Agentur speziell f\u00fcr Unternehmer\",\"publisher\":{\"@id\":\"https:\\\/\\\/overw8.de\\\/#organization\"},\"potentialAction\":[{\"@type\":\"SearchAction\",\"target\":{\"@type\":\"EntryPoint\",\"urlTemplate\":\"https:\\\/\\\/overw8.de\\\/?s={search_term_string}\"},\"query-input\":{\"@type\":\"PropertyValueSpecification\",\"valueRequired\":true,\"valueName\":\"search_term_string\"}}],\"inLanguage\":\"de\"},{\"@type\":\"Organization\",\"@id\":\"https:\\\/\\\/overw8.de\\\/#organization\",\"name\":\"OVERW8 Digital Agency\",\"url\":\"https:\\\/\\\/overw8.de\\\/\",\"logo\":{\"@type\":\"ImageObject\",\"inLanguage\":\"de\",\"@id\":\"https:\\\/\\\/overw8.de\\\/#\\\/schema\\\/logo\\\/image\\\/\",\"url\":\"https:\\\/\\\/overw8.de\\\/wp-content\\\/uploads\\\/2019\\\/03\\\/o8logo.png\",\"contentUrl\":\"https:\\\/\\\/overw8.de\\\/wp-content\\\/uploads\\\/2019\\\/03\\\/o8logo.png\",\"width\":204,\"height\":40,\"caption\":\"OVERW8 Digital Agency\"},\"image\":{\"@id\":\"https:\\\/\\\/overw8.de\\\/#\\\/schema\\\/logo\\\/image\\\/\"},\"sameAs\":[\"https:\\\/\\\/www.facebook.com\\\/overw8DigitalAgentur\\\/\",\"https:\\\/\\\/x.com\\\/o8_agency\",\"https:\\\/\\\/www.instagram.com\\\/o8_agency\\\/\",\"https:\\\/\\\/www.linkedin.com\\\/company\\\/overw8\\\/\"]}]}<\/script>\n<!-- \/ Yoast SEO plugin. -->","yoast_head_json":{"title":"Kontaktieren Sie uns - OVERW8 Digital Marketing Agentur in Deutschland","description":"Hier finden Sie alle M\u00f6glichkeiten, uns zu kontaktieren. Oder auch einfach die Postadresse. :)","robots":{"index":"index","follow":"follow","max-snippet":"max-snippet:-1","max-image-preview":"max-image-preview:large","max-video-preview":"max-video-preview:-1"},"canonical":"https:\/\/overw8.de\/de\/kontakt\/","og_locale":"de_DE","og_type":"article","og_title":"Kontaktieren Sie uns - OVERW8 Digital Marketing Agentur in Deutschland","og_description":"Hier finden Sie alle M\u00f6glichkeiten, uns zu kontaktieren. Oder auch einfach die Postadresse. :)","og_url":"https:\/\/overw8.de\/de\/kontakt\/","og_site_name":"OVERW8 Digital Marketing Agentur in Deutschland","article_publisher":"https:\/\/www.facebook.com\/overw8DigitalAgentur\/","article_modified_time":"2021-04-07T09:44:13+00:00","twitter_card":"summary_large_image","twitter_site":"@o8_agency","twitter_misc":{"Gesch\u00e4tzte Lesezeit":"1\u00a0Minute"},"schema":{"@context":"https:\/\/schema.org","@graph":[{"@type":"WebPage","@id":"https:\/\/overw8.de\/de\/kontakt\/","url":"https:\/\/overw8.de\/de\/kontakt\/","name":"Kontaktieren Sie uns - OVERW8 Digital Marketing Agentur in Deutschland","isPartOf":{"@id":"https:\/\/overw8.de\/#website"},"primaryImageOfPage":{"@id":"https:\/\/overw8.de\/de\/kontakt\/#primaryimage"},"image":{"@id":"https:\/\/overw8.de\/de\/kontakt\/#primaryimage"},"thumbnailUrl":"https:\/\/overw8.de\/wp-content\/uploads\/2019\/03\/o8cat-web.gif","datePublished":"2019-04-03T04:08:00+00:00","dateModified":"2021-04-07T09:44:13+00:00","description":"Hier finden Sie alle M\u00f6glichkeiten, uns zu kontaktieren. Oder auch einfach die Postadresse. :)","breadcrumb":{"@id":"https:\/\/overw8.de\/de\/kontakt\/#breadcrumb"},"inLanguage":"de","potentialAction":[{"@type":"ReadAction","target":["https:\/\/overw8.de\/de\/kontakt\/"]}]},{"@type":"ImageObject","inLanguage":"de","@id":"https:\/\/overw8.de\/de\/kontakt\/#primaryimage","url":"https:\/\/overw8.de\/wp-content\/uploads\/2019\/03\/o8cat-web.gif","contentUrl":"https:\/\/overw8.de\/wp-content\/uploads\/2019\/03\/o8cat-web.gif"},{"@type":"BreadcrumbList","@id":"https:\/\/overw8.de\/de\/kontakt\/#breadcrumb","itemListElement":[{"@type":"ListItem","position":1,"name":"Home","item":"https:\/\/overw8.de\/de\/overw8-die-digital-marketing-agentur-speziell-fur-unternehmer\/"},{"@type":"ListItem","position":2,"name":"Kontaktieren Sie uns"}]},{"@type":"WebSite","@id":"https:\/\/overw8.de\/#website","url":"https:\/\/overw8.de\/","name":"OVERW8 Digital Marketing Agentur in Deutschland","description":"Die Digital Marketing Agentur speziell f\u00fcr Unternehmer","publisher":{"@id":"https:\/\/overw8.de\/#organization"},"potentialAction":[{"@type":"SearchAction","target":{"@type":"EntryPoint","urlTemplate":"https:\/\/overw8.de\/?s={search_term_string}"},"query-input":{"@type":"PropertyValueSpecification","valueRequired":true,"valueName":"search_term_string"}}],"inLanguage":"de"},{"@type":"Organization","@id":"https:\/\/overw8.de\/#organization","name":"OVERW8 Digital Agency","url":"https:\/\/overw8.de\/","logo":{"@type":"ImageObject","inLanguage":"de","@id":"https:\/\/overw8.de\/#\/schema\/logo\/image\/","url":"https:\/\/overw8.de\/wp-content\/uploads\/2019\/03\/o8logo.png","contentUrl":"https:\/\/overw8.de\/wp-content\/uploads\/2019\/03\/o8logo.png","width":204,"height":40,"caption":"OVERW8 Digital Agency"},"image":{"@id":"https:\/\/overw8.de\/#\/schema\/logo\/image\/"},"sameAs":["https:\/\/www.facebook.com\/overw8DigitalAgentur\/","https:\/\/x.com\/o8_agency","https:\/\/www.instagram.com\/o8_agency\/","https:\/\/www.linkedin.com\/company\/overw8\/"]}]}},"_links":{"self":[{"href":"https:\/\/overw8.de\/de\/wp-json\/wp\/v2\/pages\/1479","targetHints":{"allow":["GET"]}}],"collection":[{"href":"https:\/\/overw8.de\/de\/wp-json\/wp\/v2\/pages"}],"about":[{"href":"https:\/\/overw8.de\/de\/wp-json\/wp\/v2\/types\/page"}],"author":[{"embeddable":true,"href":"https:\/\/overw8.de\/de\/wp-json\/wp\/v2\/users\/1"}],"replies":[{"embeddable":true,"href":"https:\/\/overw8.de\/de\/wp-json\/wp\/v2\/comments?post=1479"}],"version-history":[{"count":1,"href":"https:\/\/overw8.de\/de\/wp-json\/wp\/v2\/pages\/1479\/revisions"}],"predecessor-version":[{"id":12122,"href":"https:\/\/overw8.de\/de\/wp-json\/wp\/v2\/pages\/1479\/revisions\/12122"}],"wp:featuredmedia":[{"embeddable":true,"href":"https:\/\/overw8.de\/de\/wp-json\/"}],"wp:attachment":[{"href":"https:\/\/overw8.de\/de\/wp-json\/wp\/v2\/media?parent=1479"}],"wp:term":[{"taxonomy":"hashtags","embeddable":true,"href":"https:\/\/overw8.de\/de\/wp-json\/wp\/v2\/hashtags?post=1479"}],"curies":[{"name":"wp","href":"https:\/\/api.w.org\/{rel}","templated":true}]}}