{"id":5000,"date":"2020-05-25T09:00:43","date_gmt":"2020-05-25T07:00:43","guid":{"rendered":"https:\/\/overw8.de\/?page_id=5000"},"modified":"2020-05-25T09:00:43","modified_gmt":"2020-05-25T07:00:43","slug":"finders-fee","status":"publish","type":"page","link":"https:\/\/overw8.de\/de\/finders-fee\/","title":{"rendered":"Finder&#8217;s Fee"},"content":{"rendered":"<div class=\"wpb-content-wrapper\">[vc_row thb_full_width=&#8220;true&#8220; thb_color=&#8220;light-title&#8220; parallax=&#8220;content-moving&#8220; thb_divider_position=&#8220;bottom&#8220; css=&#8220;.vc_custom_1581927909439{padding-top: 180px !important;padding-bottom: 120px !important;background-image: url(https:\/\/overw8.de\/wp-content\/uploads\/2020\/02\/Kopie-von-banner-2.jpg?id=5029) !important;background-position: center;background-repeat: no-repeat !important;background-size: cover !important;}&#8220; bg_gradient1=&#8220;rgba(0,0,0,0.39)&#8220; bg_gradient2=&#8220;rgba(0,0,0,0.1)&#8220;][vc_column][\/vc_column][\/vc_row][vc_row thb_divider_position=&#8220;bottom&#8220; el_class=&#8220;align-center&#8220; css=&#8220;.vc_custom_1573666555741{margin-top: 6% !important;}&#8220;][vc_column width=&#8220;2\/3&#8243;][vc_column_text]\n<h2><em><span style=\"color: #bf0000;\">Ganz neu:<\/span> <\/em>Das OVERW8 Finder&#8217;s Fee Programm!<\/h2>\n<h4><em><br \/>\nDas funktioniert im Prinzip ganz einfach:<\/em><\/h4>\n<p>Sie sprechen eine Empfehlung aus bzw. weisen einen potentiellen Kunden auf unsere Agentur hin.<br \/>\nDieser Mensch sollte Ihren Namen \/ Firma dann eben erw\u00e4hnen, wenn er uns kontaktiert.<\/p>\n<h3>Wenn wir gesch\u00e4ftlich zusammenkommen sollten,<\/h3>\n<p>erhalten Sie eine &#8222;Finder&#8217;s Fee&#8220; von 8% des Umsatz im ersten Jahr mit diesem Kunden.<\/p>\n<h3>Warum 8?<\/h3>\n<p>Weil die &#8222;8&#8220; Teil unseres Namens ist, die \u00fcbliche Fee zwischen 4 &#8211; 15% liegt (je nach Statistik) und 8 daher ein gutes Mittelma\u00df darstellt, weil au\u00dfer der Empfehlung nichts weiter getan werden muss (maximal geringer Aufwand).<\/p>\n<h3>F\u00fcr welchen Zeitraum gilt das?<\/h3>\n<p>Am Ende des ersten Jahres der Zusammenarbeit erhalten Sie (neutralisierte) \u00dcbersicht der bei uns von diesem Kunden beauftragten Ums\u00e4tze.<\/p>\n<p>Wichtig: Die Ums\u00e4tze m\u00fcssen bereits buchhalterisch g\u00fcltig sein, d.h. bereits bezahlt sein (eine gute Zahlungsmoral zahlt sich also aus).<\/p>\n<h2>\u00dcberlegen Sie:<\/h2>\n<ul>\n<li>Wen kennen Sie, der unsere Services besonders gut brauchen k\u00f6nnte?<\/li>\n<li>Wessen Au\u00dfendarstellung bleibt hinter deren Leistungsqualit\u00e4t noch zur\u00fcck?<\/li>\n<li>Wer kriegt es zwar hin &#8211; aber es scheint wahnsinnig m\u00fchsam?<\/li>\n<li>Sprechen Sie diesen Kontakt darauf an, sich doch mal bei uns zu melden und zu schauen, ob und wie wir zusammenkommen k\u00f6nnen.<\/li>\n<\/ul>\n<h2>Ein paar Regeln<\/h2>\n<p>S. unten: Wenn wir rasch sehen, dass es nicht passen wird, behalten wir uns nat\u00fcrlich vor, mit einem potentiellen Kunden nicht zusammenzuarbeiten &#8211; und zwar ohne Angabe von Gr\u00fcnden.[\/vc_column_text][\/vc_column][\/vc_row][vc_row thb_full_width=&#8220;true&#8220; content_placement=&#8220;middle&#8220; thb_divider_position=&#8220;bottom&#8220; el_class=&#8220;align-center&#8220; css=&#8220;.vc_custom_1581693523317{margin-top: 1% !important;background-color: #bf0000 !important;}&#8220;][vc_column width=&#8220;1\/6&#8243; el_class=&#8220;text-center&#8220;][vc_empty_space height=&#8220;30px&#8220;][\/vc_column][vc_column thb_color=&#8220;thb-light-column&#8220; width=&#8220;1\/3&#8243; css=&#8220;.vc_custom_1581693529534{padding-top: 2% !important;}&#8220;][vc_column_text]\n<h2>Tipps &#8211; wer wohl besonders gut oder weniger gut passt<\/h2>\n<p>Damit Ihre Bem\u00fchungen m\u00f6glichst effektiv sind, hier ein paar Tipps zum Vorfiltern.[\/vc_column_text][\/vc_column][vc_column width=&#8220;2\/4&#8243;]\t<div id=\"thb-image-69f4b2c820f24\" class=\"caption-style1  alignleft   thb_image_link wp-caption\">\n\t\t\t<div class=\"thb-image-inner size_100\">\n\t\t\t<img fetchpriority=\"high\" decoding=\"async\" width=\"1238\" height=\"600\" src=\"https:\/\/overw8.de\/wp-content\/uploads\/2020\/02\/3.jpg\" class=\"thb_image   thb-ignore-lazyload attachment-full\" alt=\"\" title=\"3\" srcset=\"https:\/\/overw8.de\/wp-content\/uploads\/2020\/02\/3.jpg 1238w, https:\/\/overw8.de\/wp-content\/uploads\/2020\/02\/3-1024x496.jpg 1024w, https:\/\/overw8.de\/wp-content\/uploads\/2020\/02\/3-768x372.jpg 768w, https:\/\/overw8.de\/wp-content\/uploads\/2020\/02\/3-500x242.jpg 500w, https:\/\/overw8.de\/wp-content\/uploads\/2020\/02\/3-800x388.jpg 800w, https:\/\/overw8.de\/wp-content\/uploads\/2020\/02\/3-640x310.jpg 640w, https:\/\/overw8.de\/wp-content\/uploads\/2020\/02\/3-20x9.jpg 20w, https:\/\/overw8.de\/wp-content\/uploads\/2020\/02\/3-320x155.jpg 320w\" sizes=\"(max-width: 1238px) 100vw, 1238px\" \/>\n\t\t<\/div>\n\t\t\t\t\t<\/div>\n\t[\/vc_column][\/vc_row][vc_row thb_divider_position=&#8220;bottom&#8220; el_class=&#8220;align-center&#8220; css=&#8220;.vc_custom_1573666555741{margin-top: 6% !important;}&#8220;][vc_column width=&#8220;2\/3&#8243;][vc_column_text]\n<h3>Meist keine gute Passung:<\/h3>\n<p>Alle, die<\/p>\n<ul>\n<li>nicht wirklich wissen, was sie wollen oder wirklich alles auf einmal (au\u00dfer sie bringen das Budget f\u00fcr letzteres mit ;))<\/li>\n<li>gern mal ihre Launen an anderen auslassen (bei aller Freundlichkeit und Kundenorientierung&#8230; aber da sind wir raus ;))<\/li>\n<li>kein Budget f\u00fcr Marketing und Sales mitbringen<\/li>\n<li>100% \u00fcberzeugt sind, dass &#8222;ein wenig SEO&#8220;, das &#8222;eine gute Video&#8220; o.\u00e4. die Kardinalsl\u00f6sung sind. Wir k\u00f6nnen es jetzt schon verraten: Das sind sie nicht. \ud83d\ude09 Und es macht wenig Sinn, wenn wir hier mit der Aufkl\u00e4rungsarbeit bei Null anfangen m\u00fcssen<\/li>\n<li>alle, die eh schon alles wissen und k\u00f6nnen &#8211; s. auch <span style=\"color: #bf0000;\"><u><a style=\"color: #bf0000; text-decoration: underline;\" href=\"https:\/\/overw8.de\/de\/blog\/die-haeufigsten-marketingfehler-die-start-ups-machen\/\">Die h\u00e4ufigsten Marketingfehler, die Start-ups machen<\/a><\/u><\/span><\/li>\n<li>insgesamt lieber bei einem zwar suboptimalen aber bequemen Status Quo bleiben.<\/li>\n<\/ul>\n<h3>Besonders gut passt es meistens mit Menschen, die:<\/h3>\n<ul>\n<li>echte Profis sind in ihrem Fach<\/li>\n<li>gute Entscheider*innen<\/li>\n<li>reflektiert sind \u00fcber ihre eigene oder geteilten Entscheidungsstrukturen<\/li>\n<li>ebenso wie ihre Ziele (wobei wir bei der Kl\u00e4rung letzterer auch aktiv helfen k\u00f6nnen)<\/li>\n<li>denen bereits klar ist, dass &#8222;to earn money you gotta spend money&#8220; \ud83d\ude09<\/li>\n<li>die zumindest dabei geholfen bekommen wollen, in dieser digitalen Welt mit ihrem Unternehmen anzukommen<\/li>\n<li>offen dar\u00fcber sind, \u00fcber Marketing und Sales in diesen digitalen Zeiten dazu zu lernen (und sei es nur auf dem Level, dass sie einfach besser entscheiden k\u00f6nnen)<\/li>\n<li>richtig entschlossen sind, mehr erreichen zu wollen f\u00fcr sich und ihr Unternehmen<\/li>\n<\/ul>\n<h3>Ist die Branche entscheidend?<\/h3>\n<p>Nein, typischerweise nicht, da das fachliche Know-How ja im Unternehmen vorhanden ist und dann eben besser in den Markt \u00fcbersetzt wird. Wir haben schon f\u00fcr Branchen von A-Z gearbeitet und werden das auch in Zukunft tun.<\/p>\n<p>Also, rein vom Know-How gibt es wenig Begrenzung. Immer her damit mit den spannenden und gern auch &#8218;trockenen&#8216; Unternehmen und Produkten (hatten wir erw\u00e4hnt, dass wir richtig furztrockenes B2B richtig gern anapcken? N\u00e4mlich.)!<\/p>\n<h3>Allerdings gibt es eine andere wesentliche Grenze:<\/h3>\n<p>Alle Gesch\u00e4ftsmodelle, die auf negativen Gesch\u00e4ftspraktiken oder manipulativer Kommunikation beruhen, unterst\u00fctzen wir mit unserer Arbeitskraft und Know-How nicht. Was das genau meint, ist heutzutage nicht mehr so sauber abzugrenzen, was das ist&#8230; wesentlicher Punkt: Wir wollen hier zu Wachstum und positivem Beitrag unterst\u00fctzen. Schlechtes Karma d\u00fcrfen gern andere auf sich ziehen.<\/p>\n<h2><em>Noch Fragen?<\/em><\/h2>\n<p>Gerne <u><a href=\"https:\/\/overw8.de\/de\/kontakt\/\"><span style=\"color: #bf0000; text-decoration: underline;\">fragen!<\/span><\/a><\/u><\/p>\n<p>Neben dem Thema fairer Finanzierung ist gute Unterst\u00fctzung im Bereich Marketing und Vertrieb extrem wichtig f\u00fcr das Gedeihen eines Unternehmens. Dazu sind wir entschlossen, unser bestes zu geben &#8211; und wenn Sie uns helfen, diese Art von Unterst\u00fctzung rascher zu verbreiten, dann bedanken wir uns jetzt schon!<\/p>\n<h2><span style=\"color: #bf0000;\"><em>Danke jetzt schon &amp; viel Erfolg!<\/em><\/span><\/h2>\n<p>&nbsp;<\/p>\n<p>&nbsp;<\/p>\n<h2><\/h2>\n[\/vc_column_text][\/vc_column][\/vc_row]\n<\/div>","protected":false},"excerpt":{"rendered":"<p>[vc_row thb_full_width=&#8220;true&#8220; thb_color=&#8220;light-title&#8220; parallax=&#8220;content-moving&#8220; thb_divider_position=&#8220;bottom&#8220; css=&#8220;.vc_custom_1581927909439{padding-top: 180px !important;padding-bottom: 120px !important;background-image: url(https:\/\/overw8.de\/wp-content\/uploads\/2020\/02\/Kopie-von-banner-2.jpg?id=5029) !important;background-position: center;background-repeat: no-repeat !important;background-size: cover !important;}&#8220; bg_gradient1=&#8220;rgba(0,0,0,0.39)&#8220; bg_gradient2=&#8220;rgba(0,0,0,0.1)&#8220;][vc_column][\/vc_column][\/vc_row][vc_row thb_divider_position=&#8220;bottom&#8220; el_class=&#8220;align-center&#8220; css=&#8220;.vc_custom_1573666555741{margin-top: 6% !important;}&#8220;][vc_column width=&#8220;2\/3&#8243;][vc_column_text] Ganz neu: Das OVERW8 Finder&#8217;s Fee Programm! Das funktioniert im Prinzip ganz einfach: Sie sprechen eine Empfehlung aus bzw. weisen einen potentiellen Kunden auf unsere Agentur hin. Dieser Mensch sollte&hellip;<\/p>\n","protected":false},"author":1,"featured_media":0,"parent":0,"menu_order":0,"comment_status":"closed","ping_status":"closed","template":"","meta":{"_acf_changed":false,"_has_post_settings":[],"footnotes":""},"hashtags":[],"class_list":["post-5000","page","type-page","status-publish","hentry"],"acf":[],"nelio_content":{"autoShareEndMode":"never","automationSources":{"useCustomSentences":false,"customSentences":[]},"efiAlt":"","efiUrl":"","followers":[],"highlights":[],"isAutoShareEnabled":false,"networkImageIds":[],"permalinkQueryArgs":[],"series":[],"suggestedReferences":[]},"yoast_head":"<!-- This site is optimized with the Yoast SEO plugin v27.3 - https:\/\/yoast.com\/product\/yoast-seo-wordpress\/ -->\n<title>Finder&#039;s Fee - OVERW8 Digital Marketing Agentur in Deutschland<\/title>\n<meta name=\"robots\" content=\"index, follow, max-snippet:-1, max-image-preview:large, max-video-preview:-1\" \/>\n<link rel=\"canonical\" href=\"https:\/\/overw8.de\/de\/finders-fee\/\" \/>\n<meta property=\"og:locale\" content=\"de_DE\" \/>\n<meta property=\"og:type\" content=\"article\" \/>\n<meta property=\"og:title\" content=\"Finder&#039;s Fee - OVERW8 Digital Marketing Agentur in Deutschland\" \/>\n<meta property=\"og:description\" content=\"[vc_row thb_full_width=&#8220;true&#8220; thb_color=&#8220;light-title&#8220; parallax=&#8220;content-moving&#8220; thb_divider_position=&#8220;bottom&#8220; css=&#8220;.vc_custom_1581927909439{padding-top: 180px !important;padding-bottom: 120px !important;background-image: url(https:\/\/overw8.de\/wp-content\/uploads\/2020\/02\/Kopie-von-banner-2.jpg?id=5029) !important;background-position: center;background-repeat: no-repeat !important;background-size: cover !important;}&#8220; bg_gradient1=&#8220;rgba(0,0,0,0.39)&#8220; bg_gradient2=&#8220;rgba(0,0,0,0.1)&#8220;][vc_column][\/vc_column][\/vc_row][vc_row thb_divider_position=&#8220;bottom&#8220; el_class=&#8220;align-center&#8220; css=&#8220;.vc_custom_1573666555741{margin-top: 6% !important;}&#8220;][vc_column width=&#8220;2\/3&#8243;][vc_column_text] Ganz neu: Das OVERW8 Finder&#8217;s Fee Programm! Das funktioniert im Prinzip ganz einfach: Sie sprechen eine Empfehlung aus bzw. weisen einen potentiellen Kunden auf unsere Agentur hin. Dieser Mensch sollte&hellip;\" \/>\n<meta property=\"og:url\" content=\"https:\/\/overw8.de\/de\/finders-fee\/\" \/>\n<meta property=\"og:site_name\" content=\"OVERW8 Digital Marketing Agentur in Deutschland\" \/>\n<meta property=\"article:publisher\" content=\"https:\/\/www.facebook.com\/overw8DigitalAgentur\/\" \/>\n<meta name=\"twitter:card\" content=\"summary_large_image\" \/>\n<meta name=\"twitter:site\" content=\"@o8_agency\" \/>\n<meta name=\"twitter:label1\" content=\"Gesch\u00e4tzte Lesezeit\" \/>\n\t<meta name=\"twitter:data1\" content=\"4\u00a0Minuten\" \/>\n<script type=\"application\/ld+json\" class=\"yoast-schema-graph\">{\"@context\":\"https:\\\/\\\/schema.org\",\"@graph\":[{\"@type\":\"WebPage\",\"@id\":\"https:\\\/\\\/overw8.de\\\/de\\\/finders-fee\\\/\",\"url\":\"https:\\\/\\\/overw8.de\\\/de\\\/finders-fee\\\/\",\"name\":\"Finder's Fee - OVERW8 Digital Marketing Agentur in Deutschland\",\"isPartOf\":{\"@id\":\"https:\\\/\\\/overw8.de\\\/#website\"},\"datePublished\":\"2020-05-25T07:00:43+00:00\",\"breadcrumb\":{\"@id\":\"https:\\\/\\\/overw8.de\\\/de\\\/finders-fee\\\/#breadcrumb\"},\"inLanguage\":\"de\",\"potentialAction\":[{\"@type\":\"ReadAction\",\"target\":[\"https:\\\/\\\/overw8.de\\\/de\\\/finders-fee\\\/\"]}]},{\"@type\":\"BreadcrumbList\",\"@id\":\"https:\\\/\\\/overw8.de\\\/de\\\/finders-fee\\\/#breadcrumb\",\"itemListElement\":[{\"@type\":\"ListItem\",\"position\":1,\"name\":\"Home\",\"item\":\"https:\\\/\\\/overw8.de\\\/de\\\/overw8-die-digital-marketing-agentur-speziell-fur-unternehmer\\\/\"},{\"@type\":\"ListItem\",\"position\":2,\"name\":\"Finder&#8217;s Fee\"}]},{\"@type\":\"WebSite\",\"@id\":\"https:\\\/\\\/overw8.de\\\/#website\",\"url\":\"https:\\\/\\\/overw8.de\\\/\",\"name\":\"OVERW8 Digital Marketing Agentur in Deutschland\",\"description\":\"Die Digital Marketing Agentur speziell f\u00fcr Unternehmer\",\"publisher\":{\"@id\":\"https:\\\/\\\/overw8.de\\\/#organization\"},\"potentialAction\":[{\"@type\":\"SearchAction\",\"target\":{\"@type\":\"EntryPoint\",\"urlTemplate\":\"https:\\\/\\\/overw8.de\\\/?s={search_term_string}\"},\"query-input\":{\"@type\":\"PropertyValueSpecification\",\"valueRequired\":true,\"valueName\":\"search_term_string\"}}],\"inLanguage\":\"de\"},{\"@type\":\"Organization\",\"@id\":\"https:\\\/\\\/overw8.de\\\/#organization\",\"name\":\"OVERW8 Digital Agency\",\"url\":\"https:\\\/\\\/overw8.de\\\/\",\"logo\":{\"@type\":\"ImageObject\",\"inLanguage\":\"de\",\"@id\":\"https:\\\/\\\/overw8.de\\\/#\\\/schema\\\/logo\\\/image\\\/\",\"url\":\"https:\\\/\\\/overw8.de\\\/wp-content\\\/uploads\\\/2019\\\/03\\\/o8logo.png\",\"contentUrl\":\"https:\\\/\\\/overw8.de\\\/wp-content\\\/uploads\\\/2019\\\/03\\\/o8logo.png\",\"width\":204,\"height\":40,\"caption\":\"OVERW8 Digital Agency\"},\"image\":{\"@id\":\"https:\\\/\\\/overw8.de\\\/#\\\/schema\\\/logo\\\/image\\\/\"},\"sameAs\":[\"https:\\\/\\\/www.facebook.com\\\/overw8DigitalAgentur\\\/\",\"https:\\\/\\\/x.com\\\/o8_agency\",\"https:\\\/\\\/www.instagram.com\\\/o8_agency\\\/\",\"https:\\\/\\\/www.linkedin.com\\\/company\\\/overw8\\\/\"]}]}<\/script>\n<!-- \/ Yoast SEO plugin. -->","yoast_head_json":{"title":"Finder's Fee - OVERW8 Digital Marketing Agentur in Deutschland","robots":{"index":"index","follow":"follow","max-snippet":"max-snippet:-1","max-image-preview":"max-image-preview:large","max-video-preview":"max-video-preview:-1"},"canonical":"https:\/\/overw8.de\/de\/finders-fee\/","og_locale":"de_DE","og_type":"article","og_title":"Finder's Fee - OVERW8 Digital Marketing Agentur in Deutschland","og_description":"[vc_row thb_full_width=&#8220;true&#8220; thb_color=&#8220;light-title&#8220; parallax=&#8220;content-moving&#8220; thb_divider_position=&#8220;bottom&#8220; css=&#8220;.vc_custom_1581927909439{padding-top: 180px !important;padding-bottom: 120px !important;background-image: url(https:\/\/overw8.de\/wp-content\/uploads\/2020\/02\/Kopie-von-banner-2.jpg?id=5029) !important;background-position: center;background-repeat: no-repeat !important;background-size: cover !important;}&#8220; bg_gradient1=&#8220;rgba(0,0,0,0.39)&#8220; bg_gradient2=&#8220;rgba(0,0,0,0.1)&#8220;][vc_column][\/vc_column][\/vc_row][vc_row thb_divider_position=&#8220;bottom&#8220; el_class=&#8220;align-center&#8220; css=&#8220;.vc_custom_1573666555741{margin-top: 6% !important;}&#8220;][vc_column width=&#8220;2\/3&#8243;][vc_column_text] Ganz neu: Das OVERW8 Finder&#8217;s Fee Programm! Das funktioniert im Prinzip ganz einfach: Sie sprechen eine Empfehlung aus bzw. weisen einen potentiellen Kunden auf unsere Agentur hin. Dieser Mensch sollte&hellip;","og_url":"https:\/\/overw8.de\/de\/finders-fee\/","og_site_name":"OVERW8 Digital Marketing Agentur in Deutschland","article_publisher":"https:\/\/www.facebook.com\/overw8DigitalAgentur\/","twitter_card":"summary_large_image","twitter_site":"@o8_agency","twitter_misc":{"Gesch\u00e4tzte Lesezeit":"4\u00a0Minuten"},"schema":{"@context":"https:\/\/schema.org","@graph":[{"@type":"WebPage","@id":"https:\/\/overw8.de\/de\/finders-fee\/","url":"https:\/\/overw8.de\/de\/finders-fee\/","name":"Finder's Fee - OVERW8 Digital Marketing Agentur in Deutschland","isPartOf":{"@id":"https:\/\/overw8.de\/#website"},"datePublished":"2020-05-25T07:00:43+00:00","breadcrumb":{"@id":"https:\/\/overw8.de\/de\/finders-fee\/#breadcrumb"},"inLanguage":"de","potentialAction":[{"@type":"ReadAction","target":["https:\/\/overw8.de\/de\/finders-fee\/"]}]},{"@type":"BreadcrumbList","@id":"https:\/\/overw8.de\/de\/finders-fee\/#breadcrumb","itemListElement":[{"@type":"ListItem","position":1,"name":"Home","item":"https:\/\/overw8.de\/de\/overw8-die-digital-marketing-agentur-speziell-fur-unternehmer\/"},{"@type":"ListItem","position":2,"name":"Finder&#8217;s Fee"}]},{"@type":"WebSite","@id":"https:\/\/overw8.de\/#website","url":"https:\/\/overw8.de\/","name":"OVERW8 Digital Marketing Agentur in Deutschland","description":"Die Digital Marketing Agentur speziell f\u00fcr Unternehmer","publisher":{"@id":"https:\/\/overw8.de\/#organization"},"potentialAction":[{"@type":"SearchAction","target":{"@type":"EntryPoint","urlTemplate":"https:\/\/overw8.de\/?s={search_term_string}"},"query-input":{"@type":"PropertyValueSpecification","valueRequired":true,"valueName":"search_term_string"}}],"inLanguage":"de"},{"@type":"Organization","@id":"https:\/\/overw8.de\/#organization","name":"OVERW8 Digital Agency","url":"https:\/\/overw8.de\/","logo":{"@type":"ImageObject","inLanguage":"de","@id":"https:\/\/overw8.de\/#\/schema\/logo\/image\/","url":"https:\/\/overw8.de\/wp-content\/uploads\/2019\/03\/o8logo.png","contentUrl":"https:\/\/overw8.de\/wp-content\/uploads\/2019\/03\/o8logo.png","width":204,"height":40,"caption":"OVERW8 Digital Agency"},"image":{"@id":"https:\/\/overw8.de\/#\/schema\/logo\/image\/"},"sameAs":["https:\/\/www.facebook.com\/overw8DigitalAgentur\/","https:\/\/x.com\/o8_agency","https:\/\/www.instagram.com\/o8_agency\/","https:\/\/www.linkedin.com\/company\/overw8\/"]}]}},"_links":{"self":[{"href":"https:\/\/overw8.de\/de\/wp-json\/wp\/v2\/pages\/5000","targetHints":{"allow":["GET"]}}],"collection":[{"href":"https:\/\/overw8.de\/de\/wp-json\/wp\/v2\/pages"}],"about":[{"href":"https:\/\/overw8.de\/de\/wp-json\/wp\/v2\/types\/page"}],"author":[{"embeddable":true,"href":"https:\/\/overw8.de\/de\/wp-json\/wp\/v2\/users\/1"}],"replies":[{"embeddable":true,"href":"https:\/\/overw8.de\/de\/wp-json\/wp\/v2\/comments?post=5000"}],"version-history":[{"count":1,"href":"https:\/\/overw8.de\/de\/wp-json\/wp\/v2\/pages\/5000\/revisions"}],"predecessor-version":[{"id":8264,"href":"https:\/\/overw8.de\/de\/wp-json\/wp\/v2\/pages\/5000\/revisions\/8264"}],"wp:attachment":[{"href":"https:\/\/overw8.de\/de\/wp-json\/wp\/v2\/media?parent=5000"}],"wp:term":[{"taxonomy":"hashtags","embeddable":true,"href":"https:\/\/overw8.de\/de\/wp-json\/wp\/v2\/hashtags?post=5000"}],"curies":[{"name":"wp","href":"https:\/\/api.w.org\/{rel}","templated":true}]}}